{"id":3,"date":"2023-10-26T16:37:33","date_gmt":"2023-10-26T14:37:33","guid":{"rendered":"http:\/\/fand.se\/?page_id=3"},"modified":"2024-01-15T12:31:00","modified_gmt":"2024-01-15T11:31:00","slug":"integritetspolicy","status":"publish","type":"page","link":"https:\/\/fand.se\/en\/integritetspolicy\/","title":{"rendered":"Privacy Policy"},"content":{"rendered":"<h3 class=\"wp-block-heading has-text-color\" style=\"color:#052ebf;padding-top:80px\">Privacy Policy<\/h3>\n\n\n\n<p class=\"has-text-color\" style=\"color:#052ebf\">Vi p\u00e5 Fand Rekrytering AB v\u00e4rnar om dig som individ och din integritet. F\u00f6r att kunna bedriva v\u00e5r verksamhet beh\u00f6ver vi samla in personuppgifter. Syftet med denna integritetspolicy \u00e4r att beskriva hur Fand Rekrytering AB (forts\u00e4ttningsvis \u201dFand Rekrytering\u201d, \u201dv\u00e5r\u201d, och \u201dvi\u201d), som personuppgiftsansvarig, behandlar dina personuppgifter kopplade till kandidater, befintliga- och potentiella kunder samt leverant\u00f6rer.<\/p>\n\n\n\n<p class=\"has-text-color\" style=\"color:#052ebf\">Forts\u00e4ttningsvis h\u00e4nvisas personers vars personuppgifter behandlas<br>enligt denna integritetspolicy till \u201ddig\u201d, \u201ddu\u201d, och \u201dni\u201d.<\/p>\n\n\n\n<p class=\"has-text-color\" style=\"color:#052ebf\">Nedan kan du l\u00e4sa om vilka personuppgifter vi samlar in, hur vi behandlar dem, varf\u00f6r vi g\u00f6r det och vem vi delar dem med. Du kan \u00e4ven l\u00e4sa om hur l\u00e4nge vi sparar dem och vad du har f\u00f6r r\u00e4ttigheter, samt vem du kan kontakta om du har n\u00e5gra fr\u00e5gor eller vill ut\u00f6va dina r\u00e4ttigheter.<\/p>\n\n\n\n<p class=\"has-text-color\" style=\"color:#052ebf\"><strong>Vad omfattas av termen personuppgifter?<\/strong><br>Personuppgifter \u00e4r uppgifter som direkt eller indirekt kan anv\u00e4ndas f\u00f6r att identifiera dig som person.<\/p>\n\n\n\n<p class=\"has-text-color\" style=\"color:#052ebf\"><strong>Behandling av personuppgifter<\/strong><\/p>\n\n\n\n<ul style=\"color:#052ebf\" class=\"has-text-color wp-block-list\">\n<li>Kandidater och N\u00e4tverk<\/li>\n<\/ul>\n\n\n\n<p class=\"has-text-color\" style=\"color:#052ebf\">Kandidater \u00e4r personer som kan vara intressanta f\u00f6r p\u00e5g\u00e5ende eller framtida<br>rekryteringar som Fand Rekrytering hanterar p\u00e5 uppdrag av sina kunder. Rekrytering innefattar: kandidatn\u00e4tverk, executive search samt interimrekrytering.<\/p>\n\n\n\n<ul style=\"color:#052ebf\" class=\"has-text-color wp-block-list\">\n<li>Befintliga Kunder<\/li>\n<\/ul>\n\n\n\n<p class=\"has-text-color\" style=\"color:#052ebf\">I samband med att Fand Rekrytering anlitas f\u00f6r utg\u00f6randet av n\u00e5gon av de tj\u00e4nster som Fand Rekrytering erbjuder kommer vi att behandla ditt namn, dina kontaktuppgifter och din position\/arbetstitel inom f\u00f6retaget\/organisationen samt eventuella ytterligare personuppgifter som vi samlar in i samband med uppdraget. Behandlingen av dessa personuppgifter \u00e4r baserat p\u00e5 en intresseavv\u00e4gning d\u00e4r vi har kommit fram till att den \u00e4r ber\u00e4ttigad Fand Rekrytering f\u00f6r att kunna leva upp till \u00e5tagande i leveransen av v\u00e5r rekryteringstj\u00e4nst.<\/p>\n\n\n\n<ul style=\"color:#052ebf\" class=\"has-text-color wp-block-list\">\n<li>Potentiella Kunder<\/li>\n<\/ul>\n\n\n\n<p class=\"has-text-color\" style=\"color:#052ebf\">Fand Rekrytering samlar in och lagrar uppgifter om dig som nyckelperson eller kontaktperson i ett f\u00f6retag eller organisation fr\u00e5n publika k\u00e4llor s\u00e5som hemsidor eller genom rekommendation fr\u00e5n personer i v\u00e5rt n\u00e4tverk. Dessa personuppgifter innefattar namn, titel\/arbetsposition, vilket f\u00f6retag\/organisation personen arbetar p\u00e5 samt kontaktuppgifter, dessa personuppgifter registreras i v\u00e5rt interna systemst\u00f6d. Syftet med insamlingen \u00e4r att kunna informera dig om, marknadsf\u00f6ra och erbjuda<br>v\u00e5ra tj\u00e4nster. Bakgrunden f\u00f6r denna behandling av dina personuppgifter \u00e4r efter en intresseavv\u00e4gning d\u00e4r vi har kommit fram till att behandlingen framst\u00e5r som ber\u00e4ttigad f\u00f6r att Fand Rekrytering ska kunna marknadsf\u00f6ra sina tj\u00e4nster.<\/p>\n\n\n\n<ul style=\"color:#052ebf\" class=\"has-text-color wp-block-list\">\n<li>Gemensamt f\u00f6r personer hos befintliga och potentiella kunder<\/li>\n<\/ul>\n\n\n\n<p class=\"has-text-color\" style=\"color:#052ebf\">De personuppgifter som vi samlar in och lagrar internt hos oss kommer endast att behandlas intern inom Fand Rekrytering vilket inneb\u00e4r behandling inom Policy och lag \u00e4ven g\u00e4llande f\u00f6retag i koncernen och endast om de har egna \u00e4ndam\u00e5l. Dina personuppgifter kommer vidare att behandlas av v\u00e5ra leverant\u00f6rer inom IT som tillhandah\u00e5ller v\u00e5ra databaser. Med dessa kommer vi att ing\u00e5 personuppgiftsbitr\u00e4desavtal vilket medf\u00f6r att de tvingas behandla personuppgifterna enligt GDPR. Fand Rekrytering kommer att upph\u00f6ra att behandla dina personuppgifter om du har inv\u00e4nt mot v\u00e5r behandling samt att vi inte har identifierat n\u00e5got st\u00f6d f\u00f6r att forts\u00e4tta den eller n\u00e4r v\u00e5rt \u00e4ndam\u00e5l med behandlingen av dina personuppgifter upph\u00f6r.<\/p>\n\n\n\n<ul style=\"color:#052ebf\" class=\"has-text-color wp-block-list\">\n<li>Leverant\u00f6rer<\/li>\n<\/ul>\n\n\n\n<p class=\"has-text-color\" style=\"color:#052ebf\">Fand Rekrytering samlar in och lagrar personuppgifter om dig som kontaktperson i ett f\u00f6retag eller organisation. Fand Rekrytering samlar in och lagrar uppgifterna eftersom vi bed\u00f6mer de n\u00f6dv\u00e4ndiga f\u00f6r genomf\u00f6randet av avtalet med det f\u00f6retag eller den organisation som du \u00e4r associerad med. Bakgrunden f\u00f6r behandlingen av dina personuppgifter \u00e4r efter en intresseavv\u00e4gning d\u00e4r vi har kommit fram till att behandlingen \u00e4r ber\u00e4ttigad f\u00f6r att Fand Rekrytering ska kunna leva upp till sina skyldigheter samt utnyttja sina r\u00e4ttigheter enligt leverant\u00f6rsavtalet. V\u00e5r behandling av<br>dina personuppgifter kommer att upph\u00f6ra n\u00e4r \u00e4ndam\u00e5let med behandlingen upph\u00f6r.<\/p>\n\n\n\n<p class=\"has-text-color\" style=\"color:#052ebf\"><strong>Vilka uppgifter behandlar vi?<\/strong><\/p>\n\n\n\n<p class=\"has-text-color\" style=\"color:#052ebf\">Vi behandlar f\u00f6ljande personuppgifter om dig:<\/p>\n\n\n\n<ul style=\"color:#052ebf\" class=\"has-text-color wp-block-list\">\n<li>Personuppgifter som du l\u00e4mnar till oss:<\/li>\n<\/ul>\n\n\n\n<p class=\"has-text-color\" style=\"color:#052ebf\">N\u00e4r du g\u00e5r med i Fand Rekryterings n\u00e4tverk, genom att skicka in en ans\u00f6kan,<br>kommer du att ange information om dig till oss. Det innefattar exempelvis namn, personnummer, foto, e-postadress, telefonnummer, adress, nuvarande arbetsplats och\/eller arbetstitel. Detta innefattar de handlingar du v\u00e4ljer att skicka med i din ans\u00f6kan, som exempelvis CV, personligt brev, intyg fr\u00e5n skola eller arbetsgivare. Vi avr\u00e5der att du l\u00e4mnar k\u00e4nsliga uppgifter s\u00e5som sexuell l\u00e4ggning, etnisk bakgrund, politisk \u00e5sk\u00e5dning, fullst\u00e4ndigt personnummer, facktillh\u00f6righet eller religi\u00f6s \u00f6vertygelse. Om du \u00e4nd\u00e5 v\u00e4ljer att l\u00e4mna denna typ av identitetskritiska uppgifter behandlar vi uppgifterna med s\u00e4rskild vaksamhet.<\/p>\n\n\n\n<ul style=\"color:#052ebf\" class=\"has-text-color wp-block-list\">\n<li>Personuppgifter som vi samlar in:<\/li>\n<\/ul>\n\n\n\n<p class=\"has-text-color\" style=\"color:#052ebf\">Vi kan behandla personuppgifter som vi har samlat in fr\u00e5n dig eller fr\u00e5n tredje part. Detta innefattar exempelvis om du vid registrering hos oss har valt att h\u00e4mta dina personuppgifter fr\u00e5n din Facebook- eller LinkedInprofil. Vid de tillf\u00e4llena f\u00e5r Fand Rekrytering tillg\u00e5ng till de personuppgifter som du har valt att ange p\u00e5 din Facebook- eller LinkedInprofil. Vi kan \u00e4ven behandla personuppgifter om dig som vi samlat in och registrerat fr\u00e5n annan k\u00e4lla \u00e4n dig personligen, innan vi har varit i kontakt med dig, vid de tillf\u00e4llena kommer v\u00e5r behandling av dina personuppgifter att ske med st\u00f6d av en intresseavv\u00e4gning. Vi bed\u00f6mer att vi har ett befogat intresse att behandla<br>personuppgifterna f\u00f6r att kunna bedriva v\u00e5r verksamhet med h\u00f6g kvalitet. De personuppgifter som kan samlas in fr\u00e5n andra k\u00e4llor innan initial kontakt mellan Fand Rekrytering och dig kommer att vara limiterade och syftet \u00e4r endast att skapa en \u00f6versk\u00e5dlig bild av din l\u00e4mplighet f\u00f6r en aktuell tj\u00e4nst eller ett aktuellt konsultuppdrag. I vissa fall kan vi behandla uppgifter om dig som din referensperson l\u00e4mnar till oss samt resultat fr\u00e5n personlighets- och kompetenstester som du har genomf\u00f6rt via oss.<\/p>\n\n\n\n<p class=\"has-text-color\" style=\"color:#052ebf\"><strong>Hur anv\u00e4nder vi dina personuppgifter?<\/strong><\/p>\n\n\n\n<p class=\"has-text-color\" style=\"color:#052ebf\">De personuppgifter som finns sparade i v\u00e5rt interna systemst\u00f6d kommer att<br>anv\u00e4ndas i syfte att bedriva v\u00e5r rekryteringsverksamhet. Denna information kommer att kunna tillg\u00e4ngligg\u00f6ras och delas med v\u00e5ra kunder, vilket betraktas som utl\u00e4mnande av information till tredje part. Vid de tillf\u00e4llena kommer v\u00e5r behandling av dina personuppgifter att ske med st\u00f6d av en intresseavv\u00e4gning. Vi bed\u00f6mer att vi har ett befogat intresse av att dela dina personuppgifter med v\u00e5ra kunder f\u00f6r att kunna bedriva rekryteringsverksamhet. Vi delar ocks\u00e5 med oss av dina personuppgifter till<br>myndigheter f\u00f6r att uppfylla v\u00e5ra skyldigheter enligt lag.<\/p>\n\n\n\n<p class=\"has-text-color\" style=\"color:#052ebf\"><strong>Hur skyddar vi dina personuppgifter?<\/strong><\/p>\n\n\n\n<p class=\"has-text-color\" style=\"color:#052ebf\">Vi vidtar s\u00e4kerhets\u00e5tg\u00e4rder, s\u00e5v\u00e4l tekniska som organisatoriska, f\u00f6r att skydda dina personuppgifter. Detta f\u00f6r att dina personuppgifter inte ska g\u00e5 f\u00f6rlorade, manipuleras eller hamna hos obeh\u00f6riga personer.<\/p>\n\n\n\n<p class=\"has-text-color\" style=\"color:#052ebf\"><strong>Hur l\u00e4nge sparar vi dina uppgifter?<\/strong><\/p>\n\n\n\n<p class=\"has-text-color\" style=\"color:#052ebf\">Vi beh\u00e5ller dina personuppgifter s\u00e5 l\u00e4nge det \u00e4r n\u00f6dv\u00e4ndigt f\u00f6r \u00e4ndam\u00e5let f\u00f6r vilket de behandlas. Det \u00e4r oftast s\u00e5 l\u00e4nge du har en anknytning till oss (t.ex. genom att du eller din organisation \u00e4r kund hos, eller f\u00f6r att du \u00e4r mottagare av v\u00e5ra nyhetsbrev eller liknande), men vissa uppgifter sparas s\u00e5 l\u00e4nge det kr\u00e4vs enligt externa regler (s\u00e5som skatte- och bokf\u00f6ringslagstiftning som kr\u00e4ver att vi sparar uppgifterna i 7 \u00e5r). Behandling som grundar sig p\u00e5 samtycke. Vad g\u00e4ller behandling av dina personuppgifter som grundar sig p\u00e5 samtycke kan du n\u00e4r som helst meddela oss att ditt samtycke upph\u00f6r, helt eller delvis, genom att mejla till info@fand.se S\u00e5 snart du har meddelat att ditt samtycke upph\u00f6r och p\u00e5 ett tillf\u00f6rlitligt och s\u00e4kert s\u00e4tt kan intyga din person kommer vi att radera samtliga personuppgifter som \u00e5terkallandet avser.<\/p>\n\n\n\n<p class=\"has-text-color\" style=\"color:#052ebf\"><strong>Vill du veta mer?<\/strong><\/p>\n\n\n\n<p class=\"has-text-color\" style=\"color:#052ebf\">Om du har n\u00e5gra fr\u00e5gor om hur vi behandlar dina personuppgifter \u00e4r du alltid v\u00e4lkommen att h\u00f6ra av dig till oss p\u00e5 info@fand.se<\/p>\n\n\n\n<p class=\"has-text-color\" style=\"color:#052ebf\">Organisationsnummer: 559242-9947<br>Adress: Kungsgatan 8, 111 43 Stockholm<\/p>\n\n\n\n<p class=\"has-text-color\" style=\"color:#052ebf\"><strong>Om du \u00e4r missn\u00f6jd<\/strong><\/p>\n\n\n\n<p class=\"has-text-color\" style=\"color:#052ebf\">Slutligen, tycker du att vi har misslyckats med att ta hand om dina personuppgifter eller dina r\u00e4ttigheter kan du kontakta Datainspektionen. Du n\u00e5r dem p\u00e5 datainspektionen@datainspektionen.se<\/p>","protected":false},"excerpt":{"rendered":"<p>Integritetspolicy Vi p\u00e5 Fand Rekrytering AB v\u00e4rnar om dig som individ och din integritet. F\u00f6r att kunna bedriva v\u00e5r verksamhet beh\u00f6ver vi samla in personuppgifter. Syftet med denna integritetspolicy \u00e4r att beskriva hur Fand Rekrytering AB (forts\u00e4ttningsvis \u201dFand Rekrytering\u201d, \u201dv\u00e5r\u201d, och \u201dvi\u201d), som personuppgiftsansvarig, behandlar dina personuppgifter kopplade till kandidater, befintliga- och potentiella kunder samt [&hellip;]<\/p>\n","protected":false},"author":1,"featured_media":0,"parent":0,"menu_order":0,"comment_status":"closed","ping_status":"open","template":"","meta":{"_monsterinsights_skip_tracking":false,"_monsterinsights_sitenote_active":false,"_monsterinsights_sitenote_note":"","_monsterinsights_sitenote_category":0,"footnotes":""},"class_list":["post-3","page","type-page","status-publish","hentry"],"aioseo_notices":[],"_links":{"self":[{"href":"https:\/\/fand.se\/en\/wp-json\/wp\/v2\/pages\/3","targetHints":{"allow":["GET"]}}],"collection":[{"href":"https:\/\/fand.se\/en\/wp-json\/wp\/v2\/pages"}],"about":[{"href":"https:\/\/fand.se\/en\/wp-json\/wp\/v2\/types\/page"}],"author":[{"embeddable":true,"href":"https:\/\/fand.se\/en\/wp-json\/wp\/v2\/users\/1"}],"replies":[{"embeddable":true,"href":"https:\/\/fand.se\/en\/wp-json\/wp\/v2\/comments?post=3"}],"version-history":[{"count":5,"href":"https:\/\/fand.se\/en\/wp-json\/wp\/v2\/pages\/3\/revisions"}],"predecessor-version":[{"id":1345,"href":"https:\/\/fand.se\/en\/wp-json\/wp\/v2\/pages\/3\/revisions\/1345"}],"wp:attachment":[{"href":"https:\/\/fand.se\/en\/wp-json\/wp\/v2\/media?parent=3"}],"curies":[{"name":"wp","href":"https:\/\/api.w.org\/{rel}","templated":true}]}}