{"id":29,"date":"2023-10-27T15:59:49","date_gmt":"2023-10-27T13:59:49","guid":{"rendered":"http:\/\/fand.se\/?page_id=29"},"modified":"2025-11-19T13:08:25","modified_gmt":"2025-11-19T12:08:25","slug":"kontakta-oss","status":"publish","type":"page","link":"https:\/\/fand.se\/en\/kontakta-oss\/","title":{"rendered":"Contact Us"},"content":{"rendered":"\n<div class=\"wp-block-group max-width mobile-flex-wrap less-padding mobile-align-items-left has-background is-content-justification-space-between is-nowrap is-layout-flex wp-container-core-group-is-layout-f516f950 wp-block-group-is-layout-flex\" style=\"background-color:#d4e9f4;padding-top:150px;padding-right:64px;padding-bottom:80px;padding-left:64px\">\n<div class=\"wp-block-group padding-top-mobile has-global-padding is-layout-constrained wp-block-group-is-layout-constrained\">\n<h2 class=\"wp-block-heading has-text-color\" style=\"color:#052ebf;font-size:clamp(27.894px, 1.743rem + ((1vw - 3.2px) * 2.285), 48px);\">Reach out!<\/h2>\n\n\n\n<figure class=\"wp-block-image size-full no-show-desktop\"><img loading=\"lazy\" decoding=\"async\" width=\"2560\" height=\"1707\" src=\"https:\/\/fand.se\/wp-content\/uploads\/2024\/04\/julia-micke-kontakta-oss-1-scaled.webp\" alt=\"\" class=\"wp-image-1424\" srcset=\"https:\/\/fand.se\/wp-content\/uploads\/2024\/04\/julia-micke-kontakta-oss-1-scaled.webp 2560w, https:\/\/fand.se\/wp-content\/uploads\/2024\/04\/julia-micke-kontakta-oss-1-300x200.webp 300w, https:\/\/fand.se\/wp-content\/uploads\/2024\/04\/julia-micke-kontakta-oss-1-1024x683.webp 1024w, https:\/\/fand.se\/wp-content\/uploads\/2024\/04\/julia-micke-kontakta-oss-1-768x512.webp 768w, https:\/\/fand.se\/wp-content\/uploads\/2024\/04\/julia-micke-kontakta-oss-1-1536x1024.webp 1536w, https:\/\/fand.se\/wp-content\/uploads\/2024\/04\/julia-micke-kontakta-oss-1-2048x1365.webp 2048w, https:\/\/fand.se\/wp-content\/uploads\/2024\/04\/julia-micke-kontakta-oss-1-500x333.webp 500w\" sizes=\"auto, (max-width: 2560px) 100vw, 2560px\" \/><\/figure>\n\n\n\n<p class=\"has-text-color\" style=\"color:#052ebf\">Alla fr\u00e5gor \u00e4r v\u00e4lkomna. Vi svarar inom 24h, ofta snabbare.<\/p>\n\n\n<div class=\"frm_forms  with_frm_style frm_style_formidables-stilmall\" id=\"frm_form_2_container\" data-token=\"8b0d5c1aeac26e452bd45b0165f23bc8\">\n<form enctype=\"multipart\/form-data\" method=\"post\" class=\"frm-show-form  frm_pro_form \" id=\"form_kontaktaoss\" data-token=\"8b0d5c1aeac26e452bd45b0165f23bc8\">\n<div class=\"frm_form_fields \">\n<fieldset>\n<legend class=\"frm_screen_reader\">Kontakta oss<\/legend>\r\n\r\n<div class=\"frm_fields_container\">\n<input type=\"hidden\" name=\"frm_action\" value=\"create\" \/>\n<input type=\"hidden\" name=\"form_id\" value=\"2\" \/>\n<input type=\"hidden\" name=\"frm_hide_fields_2\" id=\"frm_hide_fields_2\" value=\"\" \/>\n<input type=\"hidden\" name=\"form_key\" value=\"kontaktaoss\" \/>\n<input type=\"hidden\" name=\"item_meta[0]\" value=\"\" \/>\n<input type=\"hidden\" id=\"frm_submit_entry_2\" name=\"frm_submit_entry_2\" value=\"1c6015b551\" \/><input type=\"hidden\" name=\"_wp_http_referer\" value=\"\/en\/wp-json\/wp\/v2\/pages\/29\" \/><div id=\"frm_field_9_container\" class=\"frm_form_field form-field  frm_top_container\">\r\n    <label for=\"field_vepdb\" id=\"field_vepdb_label\" class=\"frm_primary_label\">Namn\r\n        <span class=\"frm_required\" aria-hidden=\"true\"><\/span>\r\n    <\/label>\r\n    <input  type=\"text\" id=\"field_vepdb\" name=\"item_meta[9]\" value=\"\"  data-invmsg=\"Text \u00e4r ogiltigt\" aria-invalid=\"false\"   \/>\r\n    \r\n    \r\n<\/div>\n<div id=\"frm_field_7_container\" class=\"frm_form_field form-field  frm_required_field frm_top_container\">\r\n    <label for=\"field_7wa8i\" id=\"field_7wa8i_label\" class=\"frm_primary_label\">E-post\r\n        <span class=\"frm_required\" aria-hidden=\"true\">*<\/span>\r\n    <\/label>\r\n    <input type=\"email\" id=\"field_7wa8i\" name=\"item_meta[7]\" value=\"\"  data-reqmsg=\"E-post cannot be blank.\" aria-required=\"true\" data-invmsg=\"E-post \u00e4r ogiltigt\" aria-invalid=\"false\"  \/>\r\n    \r\n    \r\n<\/div>\n<div id=\"frm_field_23_container\" class=\"frm_form_field form-field  frm_top_container\">\r\n    <label for=\"field_czdry\" id=\"field_czdry_label\" class=\"frm_primary_label\">Telefonnummer\r\n        <span class=\"frm_required\" aria-hidden=\"true\"><\/span>\r\n    <\/label>\r\n    <input type=\"tel\" id=\"field_czdry\" name=\"item_meta[23]\" value=\"\"  data-invmsg=\"Telefon \u00e4r ogiltigt\" aria-invalid=\"false\" pattern=\"((\\+\\d{1,3}(-|.| )?\\(?\\d\\)?(-| |.)?\\d{1,5})|(\\(?\\d{2,6}\\)?))(-|.| )?(\\d{3,4})(-|.| )?(\\d{4})(( x| ext)\\d{1,5}){0,1}$\"  \/>\r\n    \r\n    \r\n<\/div>\n<div id=\"frm_field_22_container\" class=\"frm_form_field form-field  frm_top_container\">\r\n    <label for=\"field_6nnqp\" id=\"field_6nnqp_label\" class=\"frm_primary_label\">F\u00f6retag\r\n        <span class=\"frm_required\" aria-hidden=\"true\"><\/span>\r\n    <\/label>\r\n    <input  type=\"text\" id=\"field_6nnqp\" name=\"item_meta[22]\" value=\"\"  data-invmsg=\"Text \u00e4r ogiltigt\" aria-invalid=\"false\"   \/>\r\n    \r\n    \r\n<\/div>\n<div id=\"frm_field_10_container\" class=\"frm_form_field form-field  frm_required_field frm_top_container\">\r\n    <label for=\"field_lxuwu\" id=\"field_lxuwu_label\" class=\"frm_primary_label\">Meddelande\r\n        <span class=\"frm_required\" aria-hidden=\"true\">*<\/span>\r\n    <\/label>\r\n    <textarea name=\"item_meta[10]\" id=\"field_lxuwu\" rows=\"5\"  placeholder=\"Skriv ditt meddelande...\" data-reqmsg=\"Meddelande cannot be blank.\" aria-required=\"true\" data-invmsg=\"Meddelande \u00e4r ogiltigt\" aria-invalid=\"false\"  ><\/textarea>\r\n    \r\n    \r\n<\/div>\n<div id=\"frm_field_11_container\" class=\"frm_form_field form-field  frm_required_field frm_top_container vertical_radio\">\r\n    <div  id=\"field_d5ts3_label\" class=\"frm_primary_label\">\r\n        <span class=\"frm_required\" aria-hidden=\"true\">*<\/span>\r\n    <\/div>\r\n    <div class=\"frm_opt_container\" aria-labelledby=\"field_d5ts3_label\" role=\"radiogroup\" aria-required=\"true\">\t\t<div class=\"frm_radio\" id=\"frm_radio_11-0\">\t\t\t<label  for=\"field_d5ts3-0\">\n\t\t\t\t\t<input type=\"radio\" name=\"item_meta[11]\" id=\"field_d5ts3-0\" value=\"Jag accepterar villkoren\"\n\t\t data-reqmsg=\"This field kan inte vara tom.\" data-invmsg=\"This field \u00e4r ogiltigt\"   \/> Jag accepterar villkoren<\/label><\/div>\n<\/div>\r\n    \r\n    \r\n<\/div>\n<div id=\"frm_field_24_container\" class=\"frm_form_field form-field \">\n\t<div class=\"frm_submit\">\r\n\r\n<button class=\"frm_button_submit frm_final_submit\" type=\"submit\"   formnovalidate=\"formnovalidate\">SKICKA MEDDELANDE<\/button>\r\n\r\n\r\n<\/div>\n<\/div>\n\t<input type=\"hidden\" name=\"item_key\" value=\"\" \/>\n\t\t\t<div id=\"frm_field_25_container\">\n\t\t\t<label for=\"field_fgy5n\" >\n\t\t\t\tIf you are human, leave this field blank.\t\t\t<\/label>\n\t\t\t<input  id=\"field_fgy5n\" type=\"text\" class=\"frm_form_field form-field frm_verify\" name=\"item_meta[25]\" value=\"\"  \/>\n\t\t<\/div>\n\t\t<input name=\"frm_state\" type=\"hidden\" value=\"A09HtiLWTHfIVXOhFYoEFXtnF0dFMrHQuPT4Hb94uC9Y2XgYDy86ur1WV4LjMvDN\" \/><\/div>\n<\/fieldset>\n<\/div>\n\n<\/form>\n<\/div>\n<\/div>\n\n\n\n<div class=\"wp-block-group has-global-padding is-content-justification-left is-layout-constrained wp-container-core-group-is-layout-12dd3699 wp-block-group-is-layout-constrained\">\n<figure class=\"wp-block-image size-full no-show-mobile\"><img loading=\"lazy\" decoding=\"async\" width=\"2560\" height=\"1707\" src=\"https:\/\/fand.se\/wp-content\/uploads\/2024\/04\/julia-micke-kontakta-oss-1-scaled.webp\" alt=\"\" class=\"wp-image-1424\" srcset=\"https:\/\/fand.se\/wp-content\/uploads\/2024\/04\/julia-micke-kontakta-oss-1-scaled.webp 2560w, https:\/\/fand.se\/wp-content\/uploads\/2024\/04\/julia-micke-kontakta-oss-1-300x200.webp 300w, https:\/\/fand.se\/wp-content\/uploads\/2024\/04\/julia-micke-kontakta-oss-1-1024x683.webp 1024w, https:\/\/fand.se\/wp-content\/uploads\/2024\/04\/julia-micke-kontakta-oss-1-768x512.webp 768w, https:\/\/fand.se\/wp-content\/uploads\/2024\/04\/julia-micke-kontakta-oss-1-1536x1024.webp 1536w, https:\/\/fand.se\/wp-content\/uploads\/2024\/04\/julia-micke-kontakta-oss-1-2048x1365.webp 2048w, https:\/\/fand.se\/wp-content\/uploads\/2024\/04\/julia-micke-kontakta-oss-1-500x333.webp 500w\" sizes=\"auto, (max-width: 2560px) 100vw, 2560px\" \/><\/figure>\n\n\n\n<div class=\"wp-block-group width-50-prcnt set-max-width-mobile is-vertical is-layout-flex wp-container-core-group-is-layout-b3228862 wp-block-group-is-layout-flex\" style=\"padding-top:20px\">\n<div class=\"wp-block-group is-nowrap is-layout-flex wp-container-core-group-is-layout-6c531013 wp-block-group-is-layout-flex\">\n<figure class=\"wp-block-image size-full align-img\"><img decoding=\"async\" src=\"https:\/\/fand.se\/wp-content\/uploads\/2025\/11\/Email-1.svg\" alt=\"\" class=\"wp-image-1915\"\/><\/figure>\n\n\n\n<p class=\"m-left-13 has-text-color has-link-color wp-elements-a19d1e1b023465867ea331c6a973fcf6\" style=\"color:#052ebf;font-size:clamp(14px, 0.875rem + ((1vw - 3.2px) * 0.455), 18px);font-style:normal;font-weight:500\"><a href=\"mailto:info@fand.se\">info@fand.se<\/a><\/p>\n<\/div>\n\n\n\n<div class=\"wp-block-group is-nowrap is-layout-flex wp-container-core-group-is-layout-6c531013 wp-block-group-is-layout-flex\">\n<figure class=\"wp-block-image size-full align-img\"><img decoding=\"async\" src=\"https:\/\/fand.se\/wp-content\/uploads\/2025\/11\/Phone-1.svg\" alt=\"\" class=\"wp-image-1916\"\/><\/figure>\n\n\n\n<p class=\"m-left-13 has-text-color\" style=\"color:#052ebf;font-size:clamp(14px, 0.875rem + ((1vw - 3.2px) * 0.455), 18px);font-style:normal;font-weight:500\">08-509 245 76<\/p>\n<\/div>\n\n\n\n<div class=\"wp-block-group is-nowrap is-layout-flex wp-container-core-group-is-layout-6c531013 wp-block-group-is-layout-flex\">\n<figure class=\"wp-block-image size-full align-img\"><img decoding=\"async\" src=\"https:\/\/fand.se\/wp-content\/uploads\/2025\/11\/Pin.svg\" alt=\"\" class=\"wp-image-1928\"\/><\/figure>\n\n\n\n<p class=\"m-left-13 has-text-color\" style=\"color:#052ebf;font-size:clamp(14px, 0.875rem + ((1vw - 3.2px) * 0.455), 18px);font-style:normal;font-weight:500\">Kungsgatan 8, Stockholm<\/p>\n<\/div>\n<\/div>\n<\/div>\n<\/div>\n","protected":false},"excerpt":{"rendered":"<p>Reach out! Alla fr\u00e5gor \u00e4r v\u00e4lkomna. Vi svarar inom 24h, ofta snabbare. info@fand.se 08-509 245 76 Kungsgatan 8, Stockholm<\/p>","protected":false},"author":1,"featured_media":0,"parent":0,"menu_order":0,"comment_status":"closed","ping_status":"closed","template":"wp-custom-template-vit-bakgrund-header","meta":{"_monsterinsights_skip_tracking":false,"_monsterinsights_sitenote_active":false,"_monsterinsights_sitenote_note":"","_monsterinsights_sitenote_category":0,"footnotes":""},"class_list":["post-29","page","type-page","status-publish","hentry"],"aioseo_notices":[],"_links":{"self":[{"href":"https:\/\/fand.se\/en\/wp-json\/wp\/v2\/pages\/29","targetHints":{"allow":["GET"]}}],"collection":[{"href":"https:\/\/fand.se\/en\/wp-json\/wp\/v2\/pages"}],"about":[{"href":"https:\/\/fand.se\/en\/wp-json\/wp\/v2\/types\/page"}],"author":[{"embeddable":true,"href":"https:\/\/fand.se\/en\/wp-json\/wp\/v2\/users\/1"}],"replies":[{"embeddable":true,"href":"https:\/\/fand.se\/en\/wp-json\/wp\/v2\/comments?post=29"}],"version-history":[{"count":44,"href":"https:\/\/fand.se\/en\/wp-json\/wp\/v2\/pages\/29\/revisions"}],"predecessor-version":[{"id":1976,"href":"https:\/\/fand.se\/en\/wp-json\/wp\/v2\/pages\/29\/revisions\/1976"}],"wp:attachment":[{"href":"https:\/\/fand.se\/en\/wp-json\/wp\/v2\/media?parent=29"}],"curies":[{"name":"wp","href":"https:\/\/api.w.org\/{rel}","templated":true}]}}