{"id":27,"date":"2023-10-27T15:59:30","date_gmt":"2023-10-27T13:59:30","guid":{"rendered":"http:\/\/fand.se\/?page_id=27"},"modified":"2025-12-02T12:00:06","modified_gmt":"2025-12-02T11:00:06","slug":"om-fand","status":"publish","type":"page","link":"https:\/\/fand.se\/en\/om-fand\/","title":{"rendered":"About fand"},"content":{"rendered":"<div class=\"wp-block-group max-width has-global-padding is-layout-constrained wp-container-core-group-is-layout-9387084c wp-block-group-is-layout-constrained\">\n<div class=\"wp-block-group om-fand-bakgrund has-global-padding is-layout-constrained wp-container-core-group-is-layout-9387084c wp-block-group-is-layout-constrained\"><\/div>\n\n\n\n<div class=\"wp-block-group mobile-flex-wrap-reverse less-padding has-base-background-color has-background is-content-justification-space-between is-nowrap is-layout-flex wp-container-core-group-is-layout-d05480f8 wp-block-group-is-layout-flex\" style=\"padding-top:80px;padding-right:64px;padding-bottom:80px;padding-left:64px\">\n<div class=\"wp-block-group has-global-padding is-content-justification-left is-layout-constrained wp-container-core-group-is-layout-12dd3699 wp-block-group-is-layout-constrained\">\n<h1 class=\"wp-block-heading has-text-color\" style=\"color:#052ebf;font-size:clamp(27.894px, 1.743rem + ((1vw - 3.2px) * 2.285), 48px);\">Om Fand<\/h1>\n\n\n\n<p class=\"has-text-color\" style=\"color:#5167b7;font-size:clamp(14px, 0.875rem + ((1vw - 3.2px) * 0.227), 16px);font-style:normal;font-weight:400\">We are firmly committed to making Fand the most recommended recruitment company in Sweden within our niche. Since our inception in 2020, we have made significant progress and continue to diligently develop our services, relationships, network, and culture to move closer to our goal. <br><br>Fand is built on being an inclusive company where you as a recruitment consultant take full responsibility. This approach ensures our clients have a trust-filled relationship with an expert who executes the assignment, rather than a large faceless team. This is a direct path to clear communication, quicker decisions, and a stronger partnership.<br><br>The name Fand comes from the mythological goddess Fand, who represented \"Joy\". We strongly believe that job satisfaction arises when we are given responsibility and find meaning in what we do. This is very important to us personally, and it's a conversation we engage in daily with our candidates.<\/p>\n<\/div>\n\n\n\n<figure class=\"wp-block-image size-full is-resized\"><img decoding=\"async\" src=\"https:\/\/fand.se\/wp-content\/uploads\/2023\/12\/IMG_1641-kopia.jpg\" alt=\"Mikael Schmidt och Julia Ternhem p\u00e5 Fand Rekryterings kontor\" class=\"wp-image-1246\" style=\"width:670px;height:auto\"\/><\/figure>\n<\/div>\n\n\n\n<div class=\"wp-block-group less-padding has-background has-global-padding is-layout-constrained wp-container-core-group-is-layout-d3dbb7eb wp-block-group-is-layout-constrained\" style=\"background-color:#d4e9f4;padding-top:80px;padding-right:64px;padding-bottom:80px;padding-left:64px\">\n<p class=\"has-text-align-center has-text-color\" style=\"color:#052ebf;font-size:clamp(15.747px, 0.984rem + ((1vw - 3.2px) * 0.938), 24px);font-style:normal;font-weight:400\">\"Fand has been an invaluable partner for us in several key recruitments. Their ability to accurately match candidates stands out compared to other firms I have worked with.\"<\/p>\n\n\n\n<div class=\"wp-block-group is-content-justification-center is-nowrap is-layout-flex wp-container-core-group-is-layout-7a799c9e wp-block-group-is-layout-flex\" style=\"padding-top:32px;padding-bottom:32px\">\n<figure class=\"wp-block-image size-full is-resized\"><img loading=\"lazy\" decoding=\"async\" width=\"112\" height=\"113\" src=\"https:\/\/fand.se\/wp-content\/uploads\/2023\/12\/Avatar-Image.png\" alt=\"Daniel Djurdjevic image\" class=\"wp-image-1215\"\/><\/figure>\n\n\n\n<div class=\"wp-block-group has-global-padding is-layout-constrained wp-container-core-group-is-layout-53936778 wp-block-group-is-layout-constrained\" style=\"border-right-width:1px;padding-right:20px\">\n<p style=\"font-size:clamp(14px, 0.875rem + ((1vw - 3.2px) * 0.455), 18px);font-style:normal;font-weight:500\">Daniel Djurdjevic<\/p>\n\n\n\n<p class=\"margin-top-0\" style=\"font-size:clamp(14px, 0.875rem + ((1vw - 3.2px) * 0.227), 16px);\">CEO, Chimi AB<\/p>\n<\/div>\n\n\n\n<figure class=\"wp-block-image size-full is-resized\"><img loading=\"lazy\" decoding=\"async\" width=\"2560\" height=\"676\" src=\"https:\/\/fand.se\/wp-content\/uploads\/2025\/12\/copy-of-logo_svart-1-2-scaled.png\" alt=\"\" class=\"wp-image-2097\" style=\"width:auto;height:25px\" srcset=\"https:\/\/fand.se\/wp-content\/uploads\/2025\/12\/copy-of-logo_svart-1-2-scaled.png 2560w, https:\/\/fand.se\/wp-content\/uploads\/2025\/12\/copy-of-logo_svart-1-2-300x79.png 300w, https:\/\/fand.se\/wp-content\/uploads\/2025\/12\/copy-of-logo_svart-1-2-1024x270.png 1024w, https:\/\/fand.se\/wp-content\/uploads\/2025\/12\/copy-of-logo_svart-1-2-768x203.png 768w, https:\/\/fand.se\/wp-content\/uploads\/2025\/12\/copy-of-logo_svart-1-2-1536x406.png 1536w, https:\/\/fand.se\/wp-content\/uploads\/2025\/12\/copy-of-logo_svart-1-2-2048x541.png 2048w, https:\/\/fand.se\/wp-content\/uploads\/2025\/12\/copy-of-logo_svart-1-2-18x5.png 18w, https:\/\/fand.se\/wp-content\/uploads\/2025\/12\/copy-of-logo_svart-1-2-500x132.png 500w\" sizes=\"auto, (max-width: 2560px) 100vw, 2560px\" \/><\/figure>\n<\/div>\n<\/div>\n\n\n\n<div class=\"wp-block-group less-padding has-base-background-color has-background has-global-padding is-content-justification-left is-layout-constrained wp-container-core-group-is-layout-e365b650 wp-block-group-is-layout-constrained\" style=\"padding-top:80px;padding-right:64px;padding-bottom:80px;padding-left:64px\">\n<div class=\"wp-block-group width-50-prcnt set-max-width-mobile is-vertical is-content-justification-left is-layout-flex wp-container-core-group-is-layout-dd225191 wp-block-group-is-layout-flex\">\n<h2 class=\"wp-block-heading mobile-line-height has-text-color\" style=\"color:#052ebf;font-size:clamp(27.894px, 1.743rem + ((1vw - 3.2px) * 2.285), 48px);\">Our Team<\/h2>\n\n\n\n<p class=\"has-text-color\" style=\"color:#052ebf;font-size:clamp(14px, 0.875rem + ((1vw - 3.2px) * 0.227), 16px);font-style:normal;font-weight:400\">A perfect match. That's our job, and how we came together. Julia brings a background in HR and psychology. Mikael comes from a finance role at a major bank. Together, we have over 15 years of experience in recruitment and interim services. <\/p>\n<\/div>\n\n\n\n<div class=\"wp-block-group mobile-flex-wrap is-content-justification-space-between is-nowrap is-layout-flex wp-container-core-group-is-layout-09fc60db wp-block-group-is-layout-flex\" style=\"padding-top:60px\">\n<div class=\"wp-block-group mobile-flex-wrap is-nowrap is-layout-flex wp-container-core-group-is-layout-f66f9956 wp-block-group-is-layout-flex\">\n<figure class=\"wp-block-image size-full is-resized\"><img loading=\"lazy\" decoding=\"async\" width=\"1707\" height=\"2560\" src=\"https:\/\/fand.se\/wp-content\/uploads\/2023\/12\/julia1-scaled.jpg\" alt=\"Julia Ternhem, Grundare Fand Rekrytering\" class=\"wp-image-1238\" style=\"width:170px\" srcset=\"https:\/\/fand.se\/wp-content\/uploads\/2023\/12\/julia1-scaled.jpg 1707w, https:\/\/fand.se\/wp-content\/uploads\/2023\/12\/julia1-200x300.jpg 200w, https:\/\/fand.se\/wp-content\/uploads\/2023\/12\/julia1-683x1024.jpg 683w\" sizes=\"auto, (max-width: 1707px) 100vw, 1707px\" \/><\/figure>\n\n\n\n<div class=\"wp-block-group less-gap is-vertical is-layout-flex wp-container-core-group-is-layout-fe9cc265 wp-block-group-is-layout-flex\">\n<p class=\"has-text-color\" style=\"color:#052ebf;font-size:clamp(14.642px, 0.915rem + ((1vw - 3.2px) * 0.836), 22px);font-style:normal;font-weight:600\">Julia Ternhem<\/p>\n\n\n\n<p class=\"second-paragraph has-text-color\" style=\"color:#052ebf;font-size:clamp(14px, 0.875rem + ((1vw - 3.2px) * 0.455), 18px);font-style:normal;font-weight:400\">HR Expert &amp; Founder<\/p>\n\n\n\n<p class=\"has-text-color\" style=\"color:#052ebf;font-size:clamp(14px, 0.875rem + ((1vw - 3.2px) * 0.455), 18px);font-style:normal;font-weight:500\"><strong>Head of <\/strong>Fand Interim<\/p>\n\n\n\n<div class=\"wp-block-group is-nowrap is-layout-flex wp-container-core-group-is-layout-6c531013 wp-block-group-is-layout-flex\">\n<figure class=\"wp-block-image size-full align-img\"><img loading=\"lazy\" decoding=\"async\" width=\"24\" height=\"24\" src=\"http:\/\/fand.se\/wp-content\/uploads\/2023\/11\/blue-email.png\" alt=\"\" class=\"wp-image-640\"\/><\/figure>\n\n\n\n<p class=\"m-left-13 text-decoration-none has-text-color has-link-color wp-elements-bd49949bcf2004798b3e71c341ecbcf9\" style=\"color:#052ebf;font-size:clamp(14px, 0.875rem + ((1vw - 3.2px) * 0.227), 16px);font-style:normal;font-weight:400\"><a href=\"mailto:julia.ternhem@fand.se\">julia.ternhem@fand.se<\/a><\/p>\n<\/div>\n\n\n\n<div class=\"wp-block-group is-nowrap is-layout-flex wp-container-core-group-is-layout-6c531013 wp-block-group-is-layout-flex\">\n<figure class=\"wp-block-image size-full align-img\"><img loading=\"lazy\" decoding=\"async\" width=\"24\" height=\"24\" src=\"http:\/\/fand.se\/wp-content\/uploads\/2023\/11\/blue-phone.png\" alt=\"\" class=\"wp-image-641\"\/><\/figure>\n\n\n\n<p class=\"m-left-13 has-text-color\" style=\"color:#052ebf;font-size:clamp(14px, 0.875rem + ((1vw - 3.2px) * 0.227), 16px);font-style:normal;font-weight:400\">+46 70-333 76 84<\/p>\n<\/div>\n<\/div>\n<\/div>\n\n\n\n<div class=\"wp-block-group mobile-flex-wrap is-nowrap is-layout-flex wp-container-core-group-is-layout-f66f9956 wp-block-group-is-layout-flex\">\n<figure class=\"wp-block-image size-full is-resized\"><img loading=\"lazy\" decoding=\"async\" width=\"1707\" height=\"2560\" src=\"https:\/\/fand.se\/wp-content\/uploads\/2023\/12\/micke1-scaled.jpg\" alt=\"Mikael Schmidt, Partner Fand Rekrytering\" class=\"wp-image-1240\" style=\"width:170px\" srcset=\"https:\/\/fand.se\/wp-content\/uploads\/2023\/12\/micke1-scaled.jpg 1707w, https:\/\/fand.se\/wp-content\/uploads\/2023\/12\/micke1-200x300.jpg 200w, https:\/\/fand.se\/wp-content\/uploads\/2023\/12\/micke1-683x1024.jpg 683w, https:\/\/fand.se\/wp-content\/uploads\/2023\/12\/micke1-768x1152.jpg 768w, https:\/\/fand.se\/wp-content\/uploads\/2023\/12\/micke1-1024x1536.jpg 1024w, https:\/\/fand.se\/wp-content\/uploads\/2023\/12\/micke1-1365x2048.jpg 1365w, https:\/\/fand.se\/wp-content\/uploads\/2023\/12\/micke1-333x500.jpg 333w\" sizes=\"auto, (max-width: 1707px) 100vw, 1707px\" \/><\/figure>\n\n\n\n<div class=\"wp-block-group less-gap is-vertical is-layout-flex wp-container-core-group-is-layout-fe9cc265 wp-block-group-is-layout-flex\">\n<p class=\"has-text-color\" style=\"color:#052ebf;font-size:clamp(14.642px, 0.915rem + ((1vw - 3.2px) * 0.836), 22px);font-style:normal;font-weight:600\">Mikael Schmidt<\/p>\n\n\n\n<p class=\"second-paragraph has-text-color\" style=\"color:#052ebf;font-size:clamp(14px, 0.875rem + ((1vw - 3.2px) * 0.455), 18px);font-style:normal;font-weight:400\">MBA &amp; Partner<\/p>\n\n\n\n<p class=\"has-text-color\" style=\"color:#052ebf;font-size:clamp(14px, 0.875rem + ((1vw - 3.2px) * 0.455), 18px);font-style:normal;font-weight:500\"><strong>Head of <\/strong>Fand Recruitment<\/p>\n\n\n\n<div class=\"wp-block-group is-nowrap is-layout-flex wp-container-core-group-is-layout-6c531013 wp-block-group-is-layout-flex\">\n<figure class=\"wp-block-image size-full align-img\"><img loading=\"lazy\" decoding=\"async\" width=\"24\" height=\"24\" src=\"http:\/\/fand.se\/wp-content\/uploads\/2023\/11\/blue-email-1.png\" alt=\"\" class=\"wp-image-642\"\/><\/figure>\n\n\n\n<p class=\"m-left-13 text-decoration-none has-text-color has-link-color wp-elements-e710590d65622e889eb27601a21445b1\" style=\"color:#052ebf;font-size:clamp(14px, 0.875rem + ((1vw - 3.2px) * 0.227), 16px);font-style:normal;font-weight:400\"><a href=\"mailto:mikael.schmidt@fand.se\">mikael.schmidt@fand.se<\/a><\/p>\n<\/div>\n\n\n\n<div class=\"wp-block-group is-nowrap is-layout-flex wp-container-core-group-is-layout-6c531013 wp-block-group-is-layout-flex\">\n<figure class=\"wp-block-image size-full align-img\"><img loading=\"lazy\" decoding=\"async\" width=\"24\" height=\"24\" src=\"http:\/\/fand.se\/wp-content\/uploads\/2023\/11\/blue-phone-1.png\" alt=\"\" class=\"wp-image-643\"\/><\/figure>\n\n\n\n<p class=\"m-left-13 has-text-color\" style=\"color:#052ebf;font-size:clamp(14px, 0.875rem + ((1vw - 3.2px) * 0.227), 16px);font-style:normal;font-weight:400\">+46 76-022 21 91<\/p>\n<\/div>\n<\/div>\n<\/div>\n<\/div>\n<\/div>\n\n\n\n<div class=\"wp-block-group mobile-flex-wrap less-padding mobile-align-items-left has-base-background-color has-background is-content-justification-center is-nowrap is-layout-flex wp-container-core-group-is-layout-16b86e6a wp-block-group-is-layout-flex\" style=\"padding-top:60px;padding-bottom:100px\">\n<p class=\"has-text-color has-lora-font-family\" style=\"color:#052ebf;font-size:clamp(24.034px, 1.502rem + ((1vw - 3.2px) * 1.814), 40px);font-style:normal;font-weight:500\">Responsive<mark style=\"background-color:rgba(0, 0, 0, 0);color:#fa4a6a\" class=\"has-inline-color\">.<\/mark><\/p>\n\n\n\n<p class=\"has-text-color has-lora-font-family\" style=\"color:#052ebf;font-size:clamp(24.034px, 1.502rem + ((1vw - 3.2px) * 1.814), 40px);font-style:normal;font-weight:500\">Swift<mark style=\"background-color:rgba(0, 0, 0, 0);color:#fa4a6a\" class=\"has-inline-color\">.<\/mark><\/p>\n\n\n\n<p class=\"has-text-color has-lora-font-family\" style=\"color:#052ebf;font-size:clamp(24.034px, 1.502rem + ((1vw - 3.2px) * 1.814), 40px);font-style:normal;font-weight:500\">Personalized<mark style=\"background-color:rgba(0, 0, 0, 0);color:#fa4a6a\" class=\"has-inline-color\">.<\/mark><\/p>\n\n\n\n<p class=\"has-text-color has-lora-font-family\" style=\"color:#052ebf;font-size:clamp(24.034px, 1.502rem + ((1vw - 3.2px) * 1.814), 40px);font-style:normal;font-weight:500\">Professional<mark style=\"background-color:rgba(0, 0, 0, 0);color:#fa4a6a\" class=\"has-inline-color\">.<\/mark><\/p>\n<\/div>\n<\/div>","protected":false},"excerpt":{"rendered":"<p>Om Fand Vi \u00e4r fast beslutna om att Fand ska bli det mest rekommenderade rekryteringsf\u00f6retaget i Sverige \u2013 inom v\u00e5r nisch. Vi har kommit en bit p\u00e5 v\u00e4gen sedan starten 2020 och jobbar ih\u00e4rdigt vidare med utveckling av v\u00e5r tj\u00e4nst, relationer, n\u00e4tverk och v\u00e5r kultur f\u00f6r att komma n\u00e4rmare v\u00e5rt m\u00e5l. Fand bygger p\u00e5 att [&hellip;]<\/p>\n","protected":false},"author":1,"featured_media":0,"parent":0,"menu_order":0,"comment_status":"closed","ping_status":"closed","template":"wp-custom-template-vanlig-sida","meta":{"_monsterinsights_skip_tracking":false,"_monsterinsights_sitenote_active":false,"_monsterinsights_sitenote_note":"","_monsterinsights_sitenote_category":0,"footnotes":""},"class_list":["post-27","page","type-page","status-publish","hentry"],"aioseo_notices":[],"_links":{"self":[{"href":"https:\/\/fand.se\/en\/wp-json\/wp\/v2\/pages\/27","targetHints":{"allow":["GET"]}}],"collection":[{"href":"https:\/\/fand.se\/en\/wp-json\/wp\/v2\/pages"}],"about":[{"href":"https:\/\/fand.se\/en\/wp-json\/wp\/v2\/types\/page"}],"author":[{"embeddable":true,"href":"https:\/\/fand.se\/en\/wp-json\/wp\/v2\/users\/1"}],"replies":[{"embeddable":true,"href":"https:\/\/fand.se\/en\/wp-json\/wp\/v2\/comments?post=27"}],"version-history":[{"count":80,"href":"https:\/\/fand.se\/en\/wp-json\/wp\/v2\/pages\/27\/revisions"}],"predecessor-version":[{"id":2118,"href":"https:\/\/fand.se\/en\/wp-json\/wp\/v2\/pages\/27\/revisions\/2118"}],"wp:attachment":[{"href":"https:\/\/fand.se\/en\/wp-json\/wp\/v2\/media?parent=27"}],"curies":[{"name":"wp","href":"https:\/\/api.w.org\/{rel}","templated":true}]}}