{"id":25,"date":"2023-10-27T15:59:13","date_gmt":"2023-10-27T13:59:13","guid":{"rendered":"http:\/\/fand.se\/?page_id=25"},"modified":"2025-11-24T13:49:26","modified_gmt":"2025-11-24T12:49:26","slug":"lediga-jobb","status":"publish","type":"page","link":"https:\/\/fand.se\/en\/lediga-jobb\/","title":{"rendered":"Open Jobs"},"content":{"rendered":"<div class=\"wp-block-cover is-light cover-mobile\" style=\"min-height:100vh;aspect-ratio:unset;\"><img loading=\"lazy\" decoding=\"async\" width=\"1024\" height=\"683\" class=\"wp-block-cover__image-background wp-image-1242 size-large\" alt=\"\" src=\"https:\/\/fand.se\/wp-content\/uploads\/2023\/12\/IMG_1591-1024x683.jpeg\" data-object-fit=\"cover\" srcset=\"https:\/\/fand.se\/wp-content\/uploads\/2023\/12\/IMG_1591-1024x683.jpeg 1024w, https:\/\/fand.se\/wp-content\/uploads\/2023\/12\/IMG_1591-300x200.jpeg 300w, https:\/\/fand.se\/wp-content\/uploads\/2023\/12\/IMG_1591-768x512.jpeg 768w, https:\/\/fand.se\/wp-content\/uploads\/2023\/12\/IMG_1591-1536x1024.jpeg 1536w, https:\/\/fand.se\/wp-content\/uploads\/2023\/12\/IMG_1591-2048x1365.jpeg 2048w, https:\/\/fand.se\/wp-content\/uploads\/2023\/12\/IMG_1591-500x333.jpeg 500w\" sizes=\"auto, (max-width: 1024px) 100vw, 1024px\" \/><span aria-hidden=\"true\" class=\"wp-block-cover__background has-background-dim-0 has-background-dim\" style=\"background-color:#ada299\"><\/span><div class=\"wp-block-cover__inner-container has-global-padding is-layout-constrained wp-container-core-cover-is-layout-92b9201d wp-block-cover-is-layout-constrained\">\n<div class=\"wp-block-group is-vertical is-content-justification-center is-layout-flex wp-container-core-group-is-layout-0b732299 wp-block-group-is-layout-flex\">\n<h1 class=\"wp-block-heading has-text-color has-link-color wp-elements-01b4b49940a092100fbb2fedc1d9a095\" style=\"color:#052ebf;font-size:clamp(27.894px, 1.743rem + ((1vw - 3.2px) * 2.285), 48px);\">Open Jobs<\/h1>\n\n\n\n<p class=\"has-text-align-center has-text-color has-link-color wp-elements-680e0954e5545a01e4f66cdd286e64b8\" style=\"color:#052ebf\">Registrera dig i v\u00e5rat n\u00e4tverk eller s\u00f6k annonserade jobb.<\/p>\n\n\n\n<div class=\"wp-block-buttons is-content-justification-center is-layout-flex wp-container-core-buttons-is-layout-c4c67065 wp-block-buttons-is-layout-flex\" style=\"margin-top:0px;margin-bottom:0px;padding-top:0px;padding-right:0px;padding-bottom:0px;padding-left:0px\">\n<div class=\"wp-block-button btn-pink\"><a class=\"wp-block-button__link has-base-color has-text-color has-link-color has-custom-font-size wp-element-button\" href=\"https:\/\/pnty-apply.ponty-system.se\/fand?id=1\" style=\"padding-top:0.8rem;padding-right:0.8rem;padding-bottom:0.8rem;padding-left:0.8rem;font-size:0.8rem;text-transform:uppercase\">Register CV<\/a><\/div>\n<\/div>\n<\/div>\n<\/div><\/div>\n\n\n\n<div class=\"wp-block-group max-width position-relative has-base-background-color has-background has-global-padding is-layout-constrained wp-container-core-group-is-layout-7e88871e wp-block-group-is-layout-constrained\" style=\"padding-top:var(--wp--preset--spacing--40)\">\n   <!-- <div class=\"no-show-desktop mobile-flex-wrap align-items-center\">\n      <a href=\"https:\/\/pnty-apply.ponty-system.se\/fand?id=1\" class=\"pink-button\">REGISTRERA CV<\/a>\n   <\/div> -->\n    <div class=\"ponty-job-list-item mobile-flex-wrap\" data-guid=\"297-production-lead-interim\">\n            <img decoding=\"async\" class=\"ponty-job-logo\" src=\"https:\/\/s3-eu-west-1.amazonaws.com\/pnty-prs3\/fand\/logo-1804-5d4f.jpeg\" alt=\"\">\n            <div>\n               <h2 class=\"job-title\">Production Lead (Interim)<\/h2>\n               <p><p>Macade is one of the world\u2019s fastest-growing brands in golf apparel \u2013 worn on the PGA, LPGA, and European Tour. Founded in 2019, we have grown from a small, tightly edited collection to dressing over 100,000 golfers worldwide.<\/p><\/p>\n               <div class=\"job-buttons-wrapper\">\n                  <a class=\"small-window-link pink-button\" href=\"https:\/\/pnty-apply.ponty-system.se\/fand?id=297\" target=\"_blank\">ANS\u00d6K<\/a>\n                  <div class=\"read-more-btn\">\n                     <a href=\"https:\/\/fand.se\/en\/jobs\/297-production-lead-interim\/\">L\u00c4S MER<\/a>\n                     <img decoding=\"async\" src=\"https:\/\/fand.se\/wp-content\/themes\/fand\/assets\/img\/blue-arrow-right.png\" alt=\"\">\n                  <\/div>\n               <\/div>\n            <\/div>\n         <\/div>\n       <div class=\"ponty-job-list-item mobile-flex-wrap\" data-guid=\"296-ekonomichef\">\n            <img decoding=\"async\" class=\"ponty-job-logo\" src=\"https:\/\/s3-eu-west-1.amazonaws.com\/pnty-prs3\/fand\/logo-2248-cc1a.png\" alt=\"\">\n            <div>\n               <h2 class=\"job-title\">Ekonomichef<\/h2>\n               <p><p>Vill du ta ett helhetsansvar f\u00f6r ekonomistyrningen i en division hos en av Nordens ledande omsorgskoncerner?<\/p><\/p>\n               <div class=\"job-buttons-wrapper\">\n                  <a class=\"small-window-link pink-button\" href=\"https:\/\/pnty-apply.ponty-system.se\/fand?id=296\" target=\"_blank\">ANS\u00d6K<\/a>\n                  <div class=\"read-more-btn\">\n                     <a href=\"https:\/\/fand.se\/en\/jobs\/296-ekonomichef\/\">L\u00c4S MER<\/a>\n                     <img decoding=\"async\" src=\"https:\/\/fand.se\/wp-content\/themes\/fand\/assets\/img\/blue-arrow-right.png\" alt=\"\">\n                  <\/div>\n               <\/div>\n            <\/div>\n         <\/div>\n       <div class=\"ponty-job-list-item mobile-flex-wrap\" data-guid=\"295-redovisningsekonom-konsult\">\n            <img decoding=\"async\" class=\"ponty-job-logo\" src=\"https:\/\/fand.se\/wp-content\/themes\/fand\/assets\/img\/fand_blue-and-pink@4x.png\" alt=\"\">\n            <div>\n               <h2 class=\"job-title\">Redovisningsekonom (konsult)<\/h2>\n               <p><p>Vi s\u00f6ker nu en redovisningsekonom f\u00f6r ett konsultuppdrag hos en av v\u00e5ra kunder i Stockholm.<\/p><\/p>\n               <div class=\"job-buttons-wrapper\">\n                  <a class=\"small-window-link pink-button\" href=\"https:\/\/pnty-apply.ponty-system.se\/fand?id=295\" target=\"_blank\">ANS\u00d6K<\/a>\n                  <div class=\"read-more-btn\">\n                     <a href=\"https:\/\/fand.se\/en\/jobs\/295-redovisningsekonom-konsult\/\">L\u00c4S MER<\/a>\n                     <img decoding=\"async\" src=\"https:\/\/fand.se\/wp-content\/themes\/fand\/assets\/img\/blue-arrow-right.png\" alt=\"\">\n                  <\/div>\n               <\/div>\n            <\/div>\n         <\/div>\n       <div class=\"ponty-job-list-item mobile-flex-wrap\" data-guid=\"202-recruitment-consultant\">\n            <img decoding=\"async\" class=\"ponty-job-logo\" src=\"https:\/\/fand.se\/wp-content\/themes\/fand\/assets\/img\/fand_blue-and-pink@4x.png\" alt=\"\">\n            <div>\n               <h2 class=\"job-title\">Recruitment Consultant<\/h2>\n               <p><p>Vi p\u00e5 Fand \u00e4r en specialiserad boutique grundad \u00e5r 2020. Vi tillhandah\u00e5ller skr\u00e4ddarsydda rekryterings- och interimsl\u00f6sningar med fokus p\u00e5 roller inom bank, finans och ekonomi.<\/p><\/p>\n               <div class=\"job-buttons-wrapper\">\n                  <a class=\"small-window-link pink-button\" href=\"https:\/\/pnty-apply.ponty-system.se\/fand?id=202\" target=\"_blank\">ANS\u00d6K<\/a>\n                  <div class=\"read-more-btn\">\n                     <a href=\"https:\/\/fand.se\/en\/jobs\/202-recruitment-consultant\/\">L\u00c4S MER<\/a>\n                     <img decoding=\"async\" src=\"https:\/\/fand.se\/wp-content\/themes\/fand\/assets\/img\/blue-arrow-right.png\" alt=\"\">\n                  <\/div>\n               <\/div>\n            <\/div>\n         <\/div>\n      \n<\/div>","protected":false},"excerpt":{"rendered":"","protected":false},"author":1,"featured_media":0,"parent":0,"menu_order":0,"comment_status":"closed","ping_status":"closed","template":"","meta":{"_monsterinsights_skip_tracking":false,"_monsterinsights_sitenote_active":false,"_monsterinsights_sitenote_note":"","_monsterinsights_sitenote_category":0,"footnotes":""},"class_list":["post-25","page","type-page","status-publish","hentry"],"aioseo_notices":[],"_links":{"self":[{"href":"https:\/\/fand.se\/en\/wp-json\/wp\/v2\/pages\/25","targetHints":{"allow":["GET"]}}],"collection":[{"href":"https:\/\/fand.se\/en\/wp-json\/wp\/v2\/pages"}],"about":[{"href":"https:\/\/fand.se\/en\/wp-json\/wp\/v2\/types\/page"}],"author":[{"embeddable":true,"href":"https:\/\/fand.se\/en\/wp-json\/wp\/v2\/users\/1"}],"replies":[{"embeddable":true,"href":"https:\/\/fand.se\/en\/wp-json\/wp\/v2\/comments?post=25"}],"version-history":[{"count":48,"href":"https:\/\/fand.se\/en\/wp-json\/wp\/v2\/pages\/25\/revisions"}],"predecessor-version":[{"id":2010,"href":"https:\/\/fand.se\/en\/wp-json\/wp\/v2\/pages\/25\/revisions\/2010"}],"wp:attachment":[{"href":"https:\/\/fand.se\/en\/wp-json\/wp\/v2\/media?parent=25"}],"curies":[{"name":"wp","href":"https:\/\/api.w.org\/{rel}","templated":true}]}}