{"id":23,"date":"2023-10-27T15:58:42","date_gmt":"2023-10-27T13:58:42","guid":{"rendered":"http:\/\/fand.se\/?page_id=23"},"modified":"2025-12-02T11:57:12","modified_gmt":"2025-12-02T10:57:12","slug":"affarsomraden","status":"publish","type":"page","link":"https:\/\/fand.se\/en\/affarsomraden\/","title":{"rendered":"Business Areas"},"content":{"rendered":"<div class=\"wp-block-group max-width has-global-padding is-layout-constrained wp-container-core-group-is-layout-9387084c wp-block-group-is-layout-constrained\">\n<div class=\"wp-block-group affarsomraden is-vertical is-layout-flex wp-container-core-group-is-layout-ba78043e wp-block-group-is-layout-flex has-background\" style=\"margin-top:0;margin-bottom:0;padding-top:0;padding-right:0;padding-bottom:0;padding-left:0;background-image:url(&apos;https:\/\/fand.se\/wp-content\/uploads\/2024\/10\/Energetic-Workspace-with-Nature-Elements.jpeg&apos;);background-position:48% 68%;background-size:cover;\"><\/div>\n\n\n\n<div class=\"wp-block-group less-padding has-background has-global-padding is-content-justification-left is-layout-constrained wp-container-core-group-is-layout-1dff833d wp-block-group-is-layout-constrained\" style=\"background-color:#d4e9f4;padding-top:80px;padding-right:64px;padding-bottom:80px;padding-left:64px\">\n<h1 class=\"wp-block-heading less-line-height has-text-color\" style=\"color:#052ebf;font-size:clamp(27.894px, 1.743rem + ((1vw - 3.2px) * 2.285), 48px);\">Our Business Areas<\/h1>\n\n\n\n<p class=\"less-gap has-text-color\" style=\"color:#5167b7;font-size:clamp(14px, 0.875rem + ((1vw - 3.2px) * 0.227), 16px);font-style:normal;font-weight:400\">We believe in the 10,000-hour rule. If you do something long enough, you become truly skilled at it. We have chosen to excel in a select number of industries and competencies<\/p>\n\n\n\n<div class=\"wp-block-buttons is-content-justification-left is-layout-flex wp-container-core-buttons-is-layout-614ffd45 wp-block-buttons-is-layout-flex\" style=\"margin-top:0px;margin-bottom:0px;padding-top:34px;padding-right:0px;padding-bottom:0px;padding-left:0px\">\n<div class=\"wp-block-button btn-pink\"><a class=\"wp-block-button__link has-base-color has-base-background-color has-text-color has-background has-link-color wp-element-button\" href=\"http:\/\/fand.se\/en\/anlita-oss\/\" style=\"padding-top:1rem;padding-right:1.8rem;padding-bottom:1rem;padding-left:1.8rem;text-transform:uppercase\">Hire us<\/a><\/div>\n\n\n\n<div class=\"wp-block-button btn-blue\"><a class=\"wp-block-button__link has-base-color has-text-color has-link-color wp-element-button\" href=\"http:\/\/fand.se\/en\/kontakta-oss\/\" style=\"padding-top:1rem;padding-right:1.8rem;padding-bottom:1rem;padding-left:1.8rem;text-transform:uppercase\">kontakta oss<\/a><\/div>\n<\/div>\n\n\n\n<div class=\"wp-block-group max-width mobile-flex-wrap is-content-justification-space-between is-nowrap is-layout-flex wp-container-core-group-is-layout-deb0484e wp-block-group-is-layout-flex\" style=\"padding-top:60px\">\n<div class=\"wp-block-group width-30-prcnt set-max-width-mobile has-text-color is-vertical is-layout-flex wp-container-core-group-is-layout-dafa4499 wp-block-group-is-layout-flex\" style=\"border-top-color:#fa4a6a;border-top-width:4px;color:#052ebf;padding-top:40px\">\n<h2 class=\"wp-block-heading\" style=\"font-size:clamp(14.642px, 0.915rem + ((1vw - 3.2px) * 0.836), 22px);\">Finance &amp; Accounting<\/h2>\n\n\n\n<ul class=\"wp-block-list\">\n<li>CFO<\/li>\n\n\n\n<li>Ekonomichef<\/li>\n\n\n\n<li>Koncernredovisningsekonom<\/li>\n\n\n\n<li>Koncerncontroller<\/li>\n\n\n\n<li>Projektledare<\/li>\n\n\n\n<li>Processpecialist<\/li>\n\n\n\n<li>Projektcontroller<\/li>\n\n\n\n<li>Credit Controller<\/li>\n\n\n\n<li>Chefscontroller<\/li>\n\n\n\n<li>Business Analyst<\/li>\n\n\n\n<li>L\u00f6nespecialist<\/li>\n\n\n\n<li>L\u00f6nechef<\/li>\n\n\n\n<li>Redovisningschef<\/li>\n\n\n\n<li>Team Leader<\/li>\n\n\n\n<li>Projektredovisningsekonom<\/li>\n\n\n\n<li>Momsspecialist<\/li>\n\n\n\n<li>Bokslutsekonom<\/li>\n\n\n\n<li>Bolagsekonom<\/li>\n\n\n\n<li>Systemspecialist<\/li>\n\n\n\n<li>Financial Controller<\/li>\n\n\n\n<li>Business Controller<\/li>\n\n\n\n<li>Redovisningsspecialist<\/li>\n\n\n\n<li>Redovisningsekonom<\/li>\n\n\n\n<li>Ekonomiassistent<\/li>\n\n\n\n<li>Konsulter inom CSRD, ESRS, ESG &amp; EU-taxonomin<\/li>\n<\/ul>\n<\/div>\n\n\n\n<div class=\"wp-block-group width-30-prcnt set-max-width-mobile has-text-color is-vertical is-layout-flex wp-container-core-group-is-layout-dafa4499 wp-block-group-is-layout-flex\" style=\"border-top-color:#fa4a6a;border-top-width:4px;color:#052ebf;padding-top:40px\">\n<h2 class=\"wp-block-heading\" style=\"font-size:clamp(14.642px, 0.915rem + ((1vw - 3.2px) * 0.836), 22px);\">Banking<\/h2>\n\n\n\n<ul class=\"wp-block-list\">\n<li>Investment Banking<\/li>\n\n\n\n<li>Private Equity<\/li>\n\n\n\n<li>Investment Management<\/li>\n\n\n\n<li>Corporate Finance<\/li>\n\n\n\n<li>M&amp;A<\/li>\n\n\n\n<li>Wealth Management<\/li>\n\n\n\n<li>Treasury<\/li>\n\n\n\n<li>Cash Management<\/li>\n\n\n\n<li>Riskanalytiker<\/li>\n\n\n\n<li>Riskkontroll<\/li>\n\n\n\n<li>Kvantitativ analytiker<\/li>\n\n\n\n<li>Kreditriskanalytiker<\/li>\n\n\n\n<li>Regulatorisk rapportering<\/li>\n\n\n\n<li>Compliance<\/li>\n\n\n\n<li>Produkt\u00e4gare<\/li>\n\n\n\n<li>Internkontroll<\/li>\n\n\n\n<li>Front Office<\/li>\n\n\n\n<li>Back Office<\/li>\n\n\n\n<li>Aktuarie<\/li>\n\n\n\n<li>F\u00f6rs\u00e4kringsspecialist<\/li>\n\n\n\n<li>Solvens-expert<\/li>\n<\/ul>\n<\/div>\n\n\n\n<div class=\"wp-block-group width-30-prcnt set-max-width-mobile has-text-color is-vertical is-layout-flex wp-container-core-group-is-layout-dafa4499 wp-block-group-is-layout-flex\" style=\"border-top-color:#fa4a6a;border-top-width:4px;color:#052ebf;padding-top:40px\">\n<h2 class=\"wp-block-heading\" style=\"font-size:clamp(14.642px, 0.915rem + ((1vw - 3.2px) * 0.836), 22px);\">Digital<\/h2>\n\n\n\n<ul class=\"wp-block-list\">\n<li>Chief Marketing Officer<\/li>\n\n\n\n<li>Chief Digital Officer<\/li>\n\n\n\n<li>Growth Director<\/li>\n\n\n\n<li>Commercial Director<\/li>\n\n\n\n<li>Brand Director<\/li>\n\n\n\n<li>E-commerce<\/li>\n\n\n\n<li>Merchandise Manager<\/li>\n\n\n\n<li>Performance Marketing<\/li>\n\n\n\n<li>Paid Specialist<\/li>\n\n\n\n<li>Social Media Manager<\/li>\n\n\n\n<li>CRM Manager<\/li>\n\n\n\n<li>Digital Marketing Manager<\/li>\n\n\n\n<li>Data Scientist<\/li>\n\n\n\n<li>Chief Commercial Officer<\/li>\n\n\n\n<li>Chief Operations Officer<\/li>\n<\/ul>\n<\/div>\n<\/div>\n<\/div>\n<\/div>","protected":false},"excerpt":{"rendered":"<p>Detta \u00e4r v\u00e5ra aff\u00e4rsomr\u00e5den Vi tror p\u00e5 10 000-timmars regeln. G\u00f6r du n\u00e5got l\u00e4nge s\u00e5 blir du riktigt duktig p\u00e5 just det. Vi har valt att bli riktigt duktiga p\u00e5 ett begr\u00e4nsat antal branscher och kompetenser. Ekonomi och redovisning Bank &amp; Finans Digital<\/p>","protected":false},"author":1,"featured_media":1536,"parent":0,"menu_order":0,"comment_status":"closed","ping_status":"closed","template":"wp-custom-template-sidor-vit-header","meta":{"_monsterinsights_skip_tracking":false,"_monsterinsights_sitenote_active":false,"_monsterinsights_sitenote_note":"","_monsterinsights_sitenote_category":0,"footnotes":"[]"},"class_list":["post-23","page","type-page","status-publish","has-post-thumbnail","hentry"],"aioseo_notices":[],"_links":{"self":[{"href":"https:\/\/fand.se\/en\/wp-json\/wp\/v2\/pages\/23","targetHints":{"allow":["GET"]}}],"collection":[{"href":"https:\/\/fand.se\/en\/wp-json\/wp\/v2\/pages"}],"about":[{"href":"https:\/\/fand.se\/en\/wp-json\/wp\/v2\/types\/page"}],"author":[{"embeddable":true,"href":"https:\/\/fand.se\/en\/wp-json\/wp\/v2\/users\/1"}],"replies":[{"embeddable":true,"href":"https:\/\/fand.se\/en\/wp-json\/wp\/v2\/comments?post=23"}],"version-history":[{"count":61,"href":"https:\/\/fand.se\/en\/wp-json\/wp\/v2\/pages\/23\/revisions"}],"predecessor-version":[{"id":2116,"href":"https:\/\/fand.se\/en\/wp-json\/wp\/v2\/pages\/23\/revisions\/2116"}],"wp:featuredmedia":[{"embeddable":true,"href":"https:\/\/fand.se\/en\/wp-json\/wp\/v2\/media\/1536"}],"wp:attachment":[{"href":"https:\/\/fand.se\/en\/wp-json\/wp\/v2\/media?parent=23"}],"curies":[{"name":"wp","href":"https:\/\/api.w.org\/{rel}","templated":true}]}}