{"id":19,"date":"2023-10-27T15:58:09","date_gmt":"2023-10-27T13:58:09","guid":{"rendered":"http:\/\/fand.se\/?page_id=19"},"modified":"2025-12-16T14:28:39","modified_gmt":"2025-12-16T13:28:39","slug":"rekrytera-kompetens","status":"publish","type":"page","link":"https:\/\/fand.se\/en\/rekrytera-kompetens\/","title":{"rendered":"Recruit Competence"},"content":{"rendered":"<div class=\"wp-block-cover cover-mobile\" style=\"border-style:none;border-width:0px;padding-right:0;padding-left:0;min-height:700px;aspect-ratio:unset;\"><img loading=\"lazy\" decoding=\"async\" width=\"1536\" height=\"1024\" class=\"wp-block-cover__image-background wp-image-2135 size-full\" alt=\"\" src=\"https:\/\/fand.se\/wp-content\/uploads\/2025\/12\/ChatGPT-Image-16-dec.-2025-14_26_16.png\" style=\"object-position:48% 84%\" data-object-fit=\"cover\" data-object-position=\"48% 84%\" srcset=\"https:\/\/fand.se\/wp-content\/uploads\/2025\/12\/ChatGPT-Image-16-dec.-2025-14_26_16.png 1536w, https:\/\/fand.se\/wp-content\/uploads\/2025\/12\/ChatGPT-Image-16-dec.-2025-14_26_16-300x200.png 300w, https:\/\/fand.se\/wp-content\/uploads\/2025\/12\/ChatGPT-Image-16-dec.-2025-14_26_16-1024x683.png 1024w, https:\/\/fand.se\/wp-content\/uploads\/2025\/12\/ChatGPT-Image-16-dec.-2025-14_26_16-768x512.png 768w, https:\/\/fand.se\/wp-content\/uploads\/2025\/12\/ChatGPT-Image-16-dec.-2025-14_26_16-18x12.png 18w, https:\/\/fand.se\/wp-content\/uploads\/2025\/12\/ChatGPT-Image-16-dec.-2025-14_26_16-500x333.png 500w\" sizes=\"auto, (max-width: 1536px) 100vw, 1536px\" \/><span aria-hidden=\"true\" class=\"wp-block-cover__background has-background-dim-30 has-background-dim\" style=\"background-color:#1c4f70\"><\/span><div class=\"wp-block-cover__inner-container has-global-padding is-layout-constrained wp-container-core-cover-is-layout-7db9d80f wp-block-cover-is-layout-constrained\">\n<h1 class=\"wp-block-heading has-text-align-center has-base-color has-text-color\" style=\"margin-top:var(--wp--preset--spacing--50);margin-bottom:0;margin-left:0;font-size:clamp(27.894px, 1.743rem + ((1vw - 3.2px) * 2.285), 48px);\">Experienced expertise in finding the right candidate<\/h1>\n<\/div><\/div>\n\n\n\n<div class=\"wp-block-group has-global-padding is-layout-constrained wp-container-core-group-is-layout-9387084c wp-block-group-is-layout-constrained\">\n<div class=\"wp-block-group mobile-flex-wrap less-padding less-gap has-base-background-color has-background is-content-justification-space-between is-nowrap is-layout-flex wp-container-core-group-is-layout-7bd82da0 wp-block-group-is-layout-flex\" style=\"padding-top:112px;padding-right:64px;padding-bottom:112px;padding-left:64px\">\n<h2 class=\"wp-block-heading width-50-prcnt set-max-width-mobile has-text-color\" style=\"color:#052ebf;font-size:clamp(25.014px, 1.563rem + ((1vw - 3.2px) * 1.93), 42px);\">Recruitment Process<\/h2>\n\n\n\n<p class=\"width-50-prcnt set-max-width-mobile has-text-color\" style=\"color:#052ebf;font-size:clamp(14px, 0.875rem + ((1vw - 3.2px) * 0.227), 16px);\">Our recruitment process includes a thorough assessment of your needs, the design of a job profile, effective marketing, conducting interviews, meticulous filtering, use of tests, and professional consultancy. Contract management and dedicated support are also integral parts of our service. Our recruitment guarantee extends over 6 months, reflecting our commitment to building long-term relationships with both our clients and candidates.<\/p>\n<\/div>\n\n\n\n<div class=\"wp-block-group mobile-flex-wrap less-padding less-gap has-base-color has-text-color has-background is-content-justification-space-between is-nowrap is-layout-flex wp-container-core-group-is-layout-7bd82da0 wp-block-group-is-layout-flex\" style=\"background-color:#fa4a6a;padding-top:112px;padding-right:64px;padding-bottom:112px;padding-left:64px\">\n<h2 class=\"wp-block-heading width-50-prcnt set-max-width-mobile has-base-color has-text-color\" style=\"font-size:clamp(25.014px, 1.563rem + ((1vw - 3.2px) * 1.93), 42px);\">Executive Search Process<\/h2>\n\n\n\n<p class=\"width-50-prcnt set-max-width-mobile has-base-color has-text-color\" style=\"font-size:clamp(14px, 0.875rem + ((1vw - 3.2px) * 0.227), 16px);\">Our Executive Search process is structured like our recruitment process but with two major differences. We heavily rely on informal references and tips through our network. We employ a compensation model within our network. We can also conduct DISC analysis and have the opportunity to perform in-depth interviews as well as comprehensive personality assessments for both management teams and individual persons.<\/p>\n<\/div>\n\n\n\n<div class=\"wp-block-group mobile-flex-wrap less-padding less-gap has-background is-content-justification-space-between is-nowrap is-layout-flex wp-container-core-group-is-layout-7bd82da0 wp-block-group-is-layout-flex\" style=\"background-color:#052ebf;padding-top:112px;padding-right:64px;padding-bottom:112px;padding-left:64px\">\n<h2 class=\"wp-block-heading width-50-prcnt set-max-width-mobile has-base-color has-text-color\" style=\"font-size:clamp(25.014px, 1.563rem + ((1vw - 3.2px) * 1.93), 42px);\">We Rely on Research<\/h2>\n\n\n\n<p class=\"width-50-prcnt set-max-width-mobile has-base-color has-text-color has-link-color wp-elements-1856f1c9d568348b2ed20ec312cda49a\" style=\"font-size:clamp(14px, 0.875rem + ((1vw - 3.2px) * 0.227), 16px);\">The research by Schmidt and Hunter, \"The Validity and Utility of Selection Methods in Personnel Psychology: Practical and Theoretical Implications of 85 Years of Research Findings,\" is considered one of the most influential and cited studies in the field of personnel psychology and recruitment. Through education and practice, we have designed our recruitment process based on their research, which involved an extensive meta-analysis of over 85 years of research on the subject and evaluated various methods for predicting job performance. <a href=\"http:\/\/fand.se\/en\/kontakta-oss\/\" data-type=\"page\" data-id=\"29\">More info<\/a><\/p>\n<\/div>\n\n\n\n<div class=\"wp-block-group less-padding is-vertical is-content-justification-center is-layout-flex wp-container-core-group-is-layout-0a4a5ab0 wp-block-group-is-layout-flex\" style=\"padding-top:80px;padding-right:120px;padding-left:120px\">\n<figure class=\"wp-block-image size-large scroll-on-mobile max-width-img\"><img loading=\"lazy\" decoding=\"async\" width=\"1024\" height=\"519\" src=\"https:\/\/fand.se\/wp-content\/uploads\/2023\/12\/Frame-131-1024x519.png\" alt=\"\" class=\"wp-image-1205\" style=\"object-fit:cover\" srcset=\"https:\/\/fand.se\/wp-content\/uploads\/2023\/12\/Frame-131-1024x519.png 1024w, https:\/\/fand.se\/wp-content\/uploads\/2023\/12\/Frame-131-300x152.png 300w, https:\/\/fand.se\/wp-content\/uploads\/2023\/12\/Frame-131-768x389.png 768w, https:\/\/fand.se\/wp-content\/uploads\/2023\/12\/Frame-131-1536x779.png 1536w, https:\/\/fand.se\/wp-content\/uploads\/2023\/12\/Frame-131-2048x1038.png 2048w, https:\/\/fand.se\/wp-content\/uploads\/2023\/12\/Frame-131-500x253.png 500w\" sizes=\"auto, (max-width: 1024px) 100vw, 1024px\" \/><\/figure>\n<\/div>\n\n\n\n<div class=\"wp-block-group less-padding is-vertical is-content-justification-center is-layout-flex wp-container-core-group-is-layout-b53ec35b wp-block-group-is-layout-flex\" style=\"padding-top:80px;padding-right:64px;padding-bottom:80px;padding-left:64px\">\n<div class=\"wp-block-buttons is-content-justification-center is-layout-flex wp-container-core-buttons-is-layout-c4c67065 wp-block-buttons-is-layout-flex\" style=\"margin-top:0px;margin-bottom:0px;padding-top:0px;padding-right:0px;padding-bottom:0px;padding-left:0px\">\n<div class=\"wp-block-button btn-pink\"><a class=\"wp-block-button__link has-base-color has-base-background-color has-text-color has-background has-link-color wp-element-button\" href=\"http:\/\/fand.se\/en\/anlita-oss\/\" style=\"padding-top:1rem;padding-right:1.8rem;padding-bottom:1rem;padding-left:1.8rem;text-transform:uppercase\">Hire us<\/a><\/div>\n\n\n\n<div class=\"wp-block-button btn-blue\"><a class=\"wp-block-button__link has-base-color has-text-color has-link-color wp-element-button\" href=\"https:\/\/pnty-apply.ponty-system.se\/fand?id=1\" style=\"padding-top:1rem;padding-right:1.8rem;padding-bottom:1rem;padding-left:1.8rem;text-transform:uppercase\">Register CV<\/a><\/div>\n<\/div>\n<\/div>\n\n\n\n<div class=\"wp-block-group less-padding has-text-color has-background is-vertical is-content-justification-center is-layout-flex wp-container-core-group-is-layout-b53ec35b wp-block-group-is-layout-flex\" style=\"color:#052ebf;background-color:#d4e9f4;padding-top:80px;padding-right:64px;padding-bottom:80px;padding-left:64px\">\n<h2 class=\"wp-block-heading\" style=\"font-size:clamp(25.014px, 1.563rem + ((1vw - 3.2px) * 1.93), 42px);\">Tests &amp; Assessments<\/h2>\n\n\n\n<div class=\"wp-block-group mobile-flex-wrap is-content-justification-center is-nowrap is-layout-flex wp-container-core-group-is-layout-23441af8 wp-block-group-is-layout-flex\">\n<div class=\"wp-block-group width-30-prcnt set-max-width-mobile less-gap is-vertical is-content-justification-center is-layout-flex wp-container-core-group-is-layout-ce155fab wp-block-group-is-layout-flex\">\n<figure class=\"wp-block-image size-full\"><img loading=\"lazy\" decoding=\"async\" width=\"64\" height=\"64\" src=\"http:\/\/fand.se\/wp-content\/uploads\/2023\/11\/fluent_desktop-checkmark-24-filled.png\" alt=\"\" class=\"wp-image-504\"\/><\/figure>\n\n\n\n<h3 class=\"wp-block-heading\" style=\"font-size:clamp(14.642px, 0.915rem + ((1vw - 3.2px) * 0.836), 22px);\">Test of Competencies<\/h3>\n\n\n\n<p class=\"has-text-align-center less-line-height\" style=\"font-size:clamp(14px, 0.875rem + ((1vw - 3.2px) * 0.227), 16px);font-style:normal;font-weight:500\">We offer a range of competency tests and case design<\/p>\n<\/div>\n\n\n\n<div class=\"wp-block-group width-30-prcnt set-max-width-mobile less-gap is-vertical is-content-justification-center is-layout-flex wp-container-core-group-is-layout-ce155fab wp-block-group-is-layout-flex\">\n<figure class=\"wp-block-image size-full\"><img loading=\"lazy\" decoding=\"async\" width=\"64\" height=\"64\" src=\"http:\/\/fand.se\/wp-content\/uploads\/2023\/11\/mdi_paper-check.png\" alt=\"\" class=\"wp-image-507\"\/><\/figure>\n\n\n\n<h3 class=\"wp-block-heading\" style=\"font-size:clamp(14.642px, 0.915rem + ((1vw - 3.2px) * 0.836), 22px);\">Psychometric Tests<\/h3>\n\n\n\n<p class=\"has-text-align-center less-line-height\" style=\"font-size:clamp(14px, 0.875rem + ((1vw - 3.2px) * 0.227), 16px);font-style:normal;font-weight:500\">Proven and research-based profile assessments<\/p>\n<\/div>\n\n\n\n<div class=\"wp-block-group width-30-prcnt set-max-width-mobile less-gap is-vertical is-content-justification-center is-layout-flex wp-container-core-group-is-layout-ce155fab wp-block-group-is-layout-flex\">\n<figure class=\"wp-block-image size-full\"><img loading=\"lazy\" decoding=\"async\" width=\"64\" height=\"64\" src=\"http:\/\/fand.se\/wp-content\/uploads\/2023\/11\/heroicons_identification-solid.png\" alt=\"\" class=\"wp-image-508\"\/><\/figure>\n\n\n\n<h3 class=\"wp-block-heading\" style=\"font-size:clamp(14.642px, 0.915rem + ((1vw - 3.2px) * 0.836), 22px);\">Background Check<\/h3>\n\n\n\n<p class=\"has-text-align-center less-line-height\" style=\"font-size:clamp(14px, 0.875rem + ((1vw - 3.2px) * 0.227), 16px);font-style:normal;font-weight:500\">We conduct thorough reference and background checks<\/p>\n<\/div>\n<\/div>\n<\/div>\n<\/div>","protected":false},"excerpt":{"rendered":"<p>Rekryteringsprocess Rekryteringsprocessen inkluderar en noggrann behovsanalys, utformning av en kravprofil, effektiv marknadsf\u00f6ring, utf\u00f6rande av intervjuer, noggrann filtrering, anv\u00e4ndning av tester och professionell r\u00e5dgivning. Kontraktshantering och dedikerad support. V\u00e5r rekryteringsgaranti str\u00e4cker sig \u00f6ver 6 m\u00e5nader, vilket speglar v\u00e5rt \u00e5tagande att bygga l\u00e5ngsiktiga relationer med b\u00e5de v\u00e5ra kunder och kandidater. Executive Search-process V\u00e5r Executive Search process \u00e4r [&hellip;]<\/p>\n","protected":false},"author":1,"featured_media":0,"parent":0,"menu_order":0,"comment_status":"closed","ping_status":"closed","template":"wp-custom-template-sidor-vit-header","meta":{"_monsterinsights_skip_tracking":false,"_monsterinsights_sitenote_active":false,"_monsterinsights_sitenote_note":"","_monsterinsights_sitenote_category":0,"footnotes":""},"class_list":["post-19","page","type-page","status-publish","hentry"],"aioseo_notices":[],"_links":{"self":[{"href":"https:\/\/fand.se\/en\/wp-json\/wp\/v2\/pages\/19","targetHints":{"allow":["GET"]}}],"collection":[{"href":"https:\/\/fand.se\/en\/wp-json\/wp\/v2\/pages"}],"about":[{"href":"https:\/\/fand.se\/en\/wp-json\/wp\/v2\/types\/page"}],"author":[{"embeddable":true,"href":"https:\/\/fand.se\/en\/wp-json\/wp\/v2\/users\/1"}],"replies":[{"embeddable":true,"href":"https:\/\/fand.se\/en\/wp-json\/wp\/v2\/comments?post=19"}],"version-history":[{"count":131,"href":"https:\/\/fand.se\/en\/wp-json\/wp\/v2\/pages\/19\/revisions"}],"predecessor-version":[{"id":2139,"href":"https:\/\/fand.se\/en\/wp-json\/wp\/v2\/pages\/19\/revisions\/2139"}],"wp:attachment":[{"href":"https:\/\/fand.se\/en\/wp-json\/wp\/v2\/media?parent=19"}],"curies":[{"name":"wp","href":"https:\/\/api.w.org\/{rel}","templated":true}]}}