{"id":17,"date":"2023-10-27T15:57:53","date_gmt":"2023-10-27T13:57:53","guid":{"rendered":"http:\/\/fand.se\/?page_id=17"},"modified":"2025-12-02T11:55:34","modified_gmt":"2025-12-02T10:55:34","slug":"anlita-oss","status":"publish","type":"page","link":"https:\/\/fand.se\/en\/anlita-oss\/","title":{"rendered":"Why Choose fand?"},"content":{"rendered":"\n<div class=\"wp-block-group max-width padding-top-mobile  has-base-background-color has-background has-global-padding is-layout-constrained wp-container-core-group-is-layout-9387084c wp-block-group-is-layout-constrained\">\n<div class=\"wp-block-columns is-layout-flex wp-container-core-columns-is-layout-45018f75 wp-block-columns-is-layout-flex\" style=\"padding-top:100px;padding-right:64px;padding-bottom:80px;padding-left:64px\">\n<div class=\"wp-block-column is-layout-flow wp-block-column-is-layout-flow\" style=\"flex-basis:50.1%\">\n<div class=\"wp-block-group has-global-padding is-content-justification-left is-layout-constrained wp-container-core-group-is-layout-12dd3699 wp-block-group-is-layout-constrained\">\n<h2 class=\"wp-block-heading has-text-color\" style=\"color:#052ebf;font-size:clamp(27.894px, 1.743rem + ((1vw - 3.2px) * 2.285), 48px);\">Vi m\u00e4ts p\u00e5 v\u00e5r tr\u00e4ffs\u00e4kerhet. Och det \u00e4r vi bekv\u00e4ma med.<\/h2>\n\n\n\n<p class=\"has-text-color\" style=\"color:#5167b7;font-size:clamp(14px, 0.875rem + ((1vw - 3.2px) * 0.227), 16px);font-style:normal;font-weight:400\">Rekrytering och interim handlar i slutet av dagen om tr\u00e4ffs\u00e4kerhet. Att matcha r\u00e4tt m\u00e4nniska, vid r\u00e4tt tidpunkt med r\u00e4tt f\u00f6retag. Det \u00e4r tr\u00e4ffs\u00e4kerhet f\u00f6r oss. <br><br>Hur uppn\u00e5s tr\u00e4ffs\u00e4kerhet?<br><br>F\u00f6r oss handlar det om att l\u00e4ra k\u00e4nna m\u00e4nniskan bakom ett CV eller en arbetstitel. Du som kund eller dig som kandidat helt enkelt. Vi \u00e4r \u00f6vertygade om att f\u00f6retagande handlar om m\u00e4nniskor och deras f\u00f6rm\u00e5ga att g\u00f6ra skillnad. Hennes personlighet och kompetens \u00e4r den drivkraft som skapar denna skillnad och framg\u00e5ng i aff\u00e4rslivet. <br>Allting b\u00f6rjar med att l\u00e4ra k\u00e4nna dig \u2013 m\u00e4nniskan. N\u00e4r vi l\u00e4rt k\u00e4nna dig s\u00e5 kommer du uppt\u00e4cka kraften i v\u00e5r tr\u00e4ffs\u00e4kerhet.<\/p>\n\n\n\n<div class=\"wp-block-buttons is-content-justification-left is-layout-flex wp-container-core-buttons-is-layout-7d082cb3 wp-block-buttons-is-layout-flex\" style=\"margin-top:0px;margin-bottom:0px;padding-top:40px;padding-right:0px;padding-bottom:0px;padding-left:0px\">\n<div class=\"wp-block-button btn-pink\"><a class=\"wp-block-button__link has-base-color has-text-color has-link-color wp-element-button\" href=\"https:\/\/fand.se\/anlita-oss-form\/\" style=\"padding-top:1rem;padding-right:1.8rem;padding-bottom:1rem;padding-left:1.8rem;text-transform:uppercase\">Anlita oss<\/a><\/div>\n<\/div>\n<\/div>\n<\/div>\n\n\n\n<div class=\"wp-block-column is-layout-flow wp-block-column-is-layout-flow\" style=\"flex-basis:50.1%\">\n<figure class=\"wp-block-image size-full is-resized\"><img loading=\"lazy\" decoding=\"async\" width=\"2560\" height=\"1707\" src=\"https:\/\/fand.se\/wp-content\/uploads\/2023\/12\/IMG_1591-scaled.jpeg\" alt=\"\" class=\"wp-image-1242\" style=\"object-fit:cover\" srcset=\"https:\/\/fand.se\/wp-content\/uploads\/2023\/12\/IMG_1591-scaled.jpeg 2560w, https:\/\/fand.se\/wp-content\/uploads\/2023\/12\/IMG_1591-300x200.jpeg 300w, https:\/\/fand.se\/wp-content\/uploads\/2023\/12\/IMG_1591-1024x683.jpeg 1024w, https:\/\/fand.se\/wp-content\/uploads\/2023\/12\/IMG_1591-768x512.jpeg 768w, https:\/\/fand.se\/wp-content\/uploads\/2023\/12\/IMG_1591-1536x1024.jpeg 1536w, https:\/\/fand.se\/wp-content\/uploads\/2023\/12\/IMG_1591-2048x1365.jpeg 2048w, https:\/\/fand.se\/wp-content\/uploads\/2023\/12\/IMG_1591-500x333.jpeg 500w\" sizes=\"auto, (max-width: 2560px) 100vw, 2560px\" \/><\/figure>\n<\/div>\n<\/div>\n\n\n\n<div class=\"wp-block-group mobile-flex-wrap less-padding mobile-align-items-left has-base-background-color has-background is-content-justification-center is-nowrap is-layout-flex wp-container-core-group-is-layout-e6ed720e wp-block-group-is-layout-flex\" style=\"padding-top:0px;padding-bottom:100px\">\n<p class=\"has-text-color has-lora-font-family\" style=\"color:#052ebf;font-size:clamp(24.034px, 1.502rem + ((1vw - 3.2px) * 1.814), 40px);font-style:normal;font-weight:500\">Lyh\u00f6rda<mark style=\"background-color:rgba(0, 0, 0, 0);color:#fa4a6a\" class=\"has-inline-color\">.<\/mark><\/p>\n\n\n\n<p class=\"has-text-color has-lora-font-family\" style=\"color:#052ebf;font-size:clamp(24.034px, 1.502rem + ((1vw - 3.2px) * 1.814), 40px);font-style:normal;font-weight:500\">Snabba<mark style=\"background-color:rgba(0, 0, 0, 0);color:#fa4a6a\" class=\"has-inline-color\">.<\/mark><\/p>\n\n\n\n<p class=\"has-text-color has-lora-font-family\" style=\"color:#052ebf;font-size:clamp(24.034px, 1.502rem + ((1vw - 3.2px) * 1.814), 40px);font-style:normal;font-weight:500\">Personliga<mark style=\"background-color:rgba(0, 0, 0, 0);color:#fa4a6a\" class=\"has-inline-color\">.<\/mark><\/p>\n\n\n\n<p class=\"has-text-color has-lora-font-family\" style=\"color:#052ebf;font-size:clamp(24.034px, 1.502rem + ((1vw - 3.2px) * 1.814), 40px);font-style:normal;font-weight:500\">Professionella<mark style=\"background-color:rgba(0, 0, 0, 0);color:#fa4a6a\" class=\"has-inline-color\">.<\/mark><\/p>\n<\/div>\n\n\n\n<div class=\"wp-block-group mobile-flex-wrap-reverse less-padding has-background has-global-padding is-layout-constrained wp-container-core-group-is-layout-dd0d0873 wp-block-group-is-layout-constrained\" style=\"background-color:#d4e9f4;padding-top:112px;padding-right:64px;padding-bottom:112px;padding-left:64px\">\n<div class=\"wp-block-group has-global-padding is-layout-constrained wp-block-group-is-layout-constrained\">\n<h3 class=\"wp-block-heading has-text-align-center align-text-left-mobile has-text-color\" style=\"color:#052ebf;font-size:clamp(25.014px, 1.563rem + ((1vw - 3.2px) * 1.93), 42px);\">H\u00f6r v\u00e5ra tankar om rekrytering<\/h3>\n\n\n\n<figure class=\"wp-block-video\"><video height=\"1080\" style=\"aspect-ratio: 1920 \/ 1080;\" width=\"1920\" controls src=\"https:\/\/fand.se\/wp-content\/uploads\/2025\/05\/my-fantastic-video-1-1.mp4\"><\/video><\/figure>\n<\/div>\n<\/div>\n\n\n\n<div class=\"wp-block-group mobile-flex-wrap less-padding has-base-background-color has-background is-content-justification-space-between is-nowrap is-layout-flex wp-container-core-group-is-layout-491491d2 wp-block-group-is-layout-flex\" style=\"padding-top:80px;padding-right:64px;padding-bottom:0px;padding-left:64px\">\n<div class=\"wp-block-group width-50-prcnt set-max-width-mobile is-vertical is-layout-flex wp-container-core-group-is-layout-fe9cc265 wp-block-group-is-layout-flex\">\n<h3 class=\"wp-block-heading has-text-color\" style=\"color:#052ebf;font-size:clamp(27.894px, 1.743rem + ((1vw - 3.2px) * 2.285), 48px);\">Reach out!<\/h3>\n\n\n\n<p class=\"has-text-color\" style=\"color:#052ebf;font-size:clamp(14px, 0.875rem + ((1vw - 3.2px) * 0.227), 16px);font-style:normal;font-weight:400\">Alla fr\u00e5gor \u00e4r v\u00e4lkomna. Vi svarar inom 24h, ofta snabbare.<\/p>\n\n\n\n<div class=\"wp-block-group is-nowrap is-layout-flex wp-container-core-group-is-layout-6c531013 wp-block-group-is-layout-flex\">\n<figure class=\"wp-block-image size-full align-img\"><img decoding=\"async\" src=\"https:\/\/fand.se\/wp-content\/uploads\/2025\/11\/Email-1.svg\" alt=\"\" class=\"wp-image-1915\"\/><\/figure>\n\n\n\n<p class=\"m-left-13 has-text-color\" style=\"color:#052ebf;font-size:clamp(14px, 0.875rem + ((1vw - 3.2px) * 0.227), 16px);font-style:normal;font-weight:400\">info@fand.se<\/p>\n<\/div>\n\n\n\n<div class=\"wp-block-group is-nowrap is-layout-flex wp-container-core-group-is-layout-6c531013 wp-block-group-is-layout-flex\">\n<figure class=\"wp-block-image size-full align-img\"><img decoding=\"async\" src=\"https:\/\/fand.se\/wp-content\/uploads\/2025\/11\/Phone-1.svg\" alt=\"\" class=\"wp-image-1916\"\/><\/figure>\n\n\n\n<p class=\"m-left-13 has-text-color has-link-color wp-elements-3f36041f7980f1a713f3a35b0ac019e6\" style=\"color:#052ebf;font-size:clamp(14px, 0.875rem + ((1vw - 3.2px) * 0.227), 16px);font-style:normal;font-weight:400\">08-509 245 76<\/p>\n<\/div>\n\n\n\n<div class=\"wp-block-group is-nowrap is-layout-flex wp-container-core-group-is-layout-6c531013 wp-block-group-is-layout-flex\">\n<figure class=\"wp-block-image size-full align-img\"><img decoding=\"async\" src=\"https:\/\/fand.se\/wp-content\/uploads\/2025\/11\/Pin.svg\" alt=\"\" class=\"wp-image-1928\"\/><\/figure>\n\n\n\n<p class=\"m-left-13 has-text-color\" style=\"color:#052ebf;font-size:clamp(14px, 0.875rem + ((1vw - 3.2px) * 0.227), 16px);font-style:normal;font-weight:400\">Kungsgatan 8, Stockholm<\/p>\n<\/div>\n<\/div>\n\n\n\n<div class=\"wp-block-group width-50-prcnt set-max-width-mobile has-global-padding is-layout-constrained wp-block-group-is-layout-constrained\"><div class=\"frm_forms  with_frm_style frm_style_formidables-stilmall\" id=\"frm_form_2_container\" data-token=\"8b0d5c1aeac26e452bd45b0165f23bc8\">\n<form enctype=\"multipart\/form-data\" method=\"post\" class=\"frm-show-form  frm_pro_form \" id=\"form_kontaktaoss\" data-token=\"8b0d5c1aeac26e452bd45b0165f23bc8\">\n<div class=\"frm_form_fields \">\n<fieldset>\n<legend class=\"frm_screen_reader\">Kontakta oss<\/legend>\r\n\r\n<div class=\"frm_fields_container\">\n<input type=\"hidden\" name=\"frm_action\" value=\"create\" \/>\n<input type=\"hidden\" name=\"form_id\" value=\"2\" \/>\n<input type=\"hidden\" name=\"frm_hide_fields_2\" id=\"frm_hide_fields_2\" value=\"\" \/>\n<input type=\"hidden\" name=\"form_key\" value=\"kontaktaoss\" \/>\n<input type=\"hidden\" name=\"item_meta[0]\" value=\"\" \/>\n<input type=\"hidden\" id=\"frm_submit_entry_2\" name=\"frm_submit_entry_2\" value=\"ecd8bf3f21\" \/><input type=\"hidden\" name=\"_wp_http_referer\" value=\"\/en\/wp-json\/wp\/v2\/pages\/17\" \/><div id=\"frm_field_9_container\" class=\"frm_form_field form-field  frm_top_container\">\r\n    <label for=\"field_vepdb\" id=\"field_vepdb_label\" class=\"frm_primary_label\">Namn\r\n        <span class=\"frm_required\" aria-hidden=\"true\"><\/span>\r\n    <\/label>\r\n    <input  type=\"text\" id=\"field_vepdb\" name=\"item_meta[9]\" value=\"\"  data-invmsg=\"Text \u00e4r ogiltigt\" aria-invalid=\"false\"   \/>\r\n    \r\n    \r\n<\/div>\n<div id=\"frm_field_7_container\" class=\"frm_form_field form-field  frm_required_field frm_top_container\">\r\n    <label for=\"field_7wa8i\" id=\"field_7wa8i_label\" class=\"frm_primary_label\">E-post\r\n        <span class=\"frm_required\" aria-hidden=\"true\">*<\/span>\r\n    <\/label>\r\n    <input type=\"email\" id=\"field_7wa8i\" name=\"item_meta[7]\" value=\"\"  data-reqmsg=\"E-post cannot be blank.\" aria-required=\"true\" data-invmsg=\"E-post \u00e4r ogiltigt\" aria-invalid=\"false\"  \/>\r\n    \r\n    \r\n<\/div>\n<div id=\"frm_field_23_container\" class=\"frm_form_field form-field  frm_top_container\">\r\n    <label for=\"field_czdry\" id=\"field_czdry_label\" class=\"frm_primary_label\">Telefonnummer\r\n        <span class=\"frm_required\" aria-hidden=\"true\"><\/span>\r\n    <\/label>\r\n    <input type=\"tel\" id=\"field_czdry\" name=\"item_meta[23]\" value=\"\"  data-invmsg=\"Telefon \u00e4r ogiltigt\" aria-invalid=\"false\" pattern=\"((\\+\\d{1,3}(-|.| )?\\(?\\d\\)?(-| |.)?\\d{1,5})|(\\(?\\d{2,6}\\)?))(-|.| )?(\\d{3,4})(-|.| )?(\\d{4})(( x| ext)\\d{1,5}){0,1}$\"  \/>\r\n    \r\n    \r\n<\/div>\n<div id=\"frm_field_22_container\" class=\"frm_form_field form-field  frm_top_container\">\r\n    <label for=\"field_6nnqp\" id=\"field_6nnqp_label\" class=\"frm_primary_label\">F\u00f6retag\r\n        <span class=\"frm_required\" aria-hidden=\"true\"><\/span>\r\n    <\/label>\r\n    <input  type=\"text\" id=\"field_6nnqp\" name=\"item_meta[22]\" value=\"\"  data-invmsg=\"Text \u00e4r ogiltigt\" aria-invalid=\"false\"   \/>\r\n    \r\n    \r\n<\/div>\n<div id=\"frm_field_10_container\" class=\"frm_form_field form-field  frm_required_field frm_top_container\">\r\n    <label for=\"field_lxuwu\" id=\"field_lxuwu_label\" class=\"frm_primary_label\">Meddelande\r\n        <span class=\"frm_required\" aria-hidden=\"true\">*<\/span>\r\n    <\/label>\r\n    <textarea name=\"item_meta[10]\" id=\"field_lxuwu\" rows=\"5\"  placeholder=\"Skriv ditt meddelande...\" data-reqmsg=\"Meddelande cannot be blank.\" aria-required=\"true\" data-invmsg=\"Meddelande \u00e4r ogiltigt\" aria-invalid=\"false\"  ><\/textarea>\r\n    \r\n    \r\n<\/div>\n<div id=\"frm_field_11_container\" class=\"frm_form_field form-field  frm_required_field frm_top_container vertical_radio\">\r\n    <div  id=\"field_d5ts3_label\" class=\"frm_primary_label\">\r\n        <span class=\"frm_required\" aria-hidden=\"true\">*<\/span>\r\n    <\/div>\r\n    <div class=\"frm_opt_container\" aria-labelledby=\"field_d5ts3_label\" role=\"radiogroup\" aria-required=\"true\">\t\t<div class=\"frm_radio\" id=\"frm_radio_11-0\">\t\t\t<label  for=\"field_d5ts3-0\">\n\t\t\t\t\t<input type=\"radio\" name=\"item_meta[11]\" id=\"field_d5ts3-0\" value=\"Jag accepterar villkoren\"\n\t\t data-reqmsg=\"This field kan inte vara tom.\" data-invmsg=\"This field \u00e4r ogiltigt\"   \/> Jag accepterar villkoren<\/label><\/div>\n<\/div>\r\n    \r\n    \r\n<\/div>\n<div id=\"frm_field_24_container\" class=\"frm_form_field form-field \">\n\t<div class=\"frm_submit\">\r\n\r\n<button class=\"frm_button_submit frm_final_submit\" type=\"submit\"   formnovalidate=\"formnovalidate\">SKICKA MEDDELANDE<\/button>\r\n\r\n\r\n<\/div>\n<\/div>\n\t<input type=\"hidden\" name=\"item_key\" value=\"\" \/>\n\t\t\t<div id=\"frm_field_25_container\">\n\t\t\t<label for=\"field_23bh1\" >\n\t\t\t\tIf you are human, leave this field blank.\t\t\t<\/label>\n\t\t\t<input  id=\"field_23bh1\" type=\"text\" class=\"frm_form_field form-field frm_verify\" name=\"item_meta[25]\" value=\"\"  \/>\n\t\t<\/div>\n\t\t<input name=\"frm_state\" type=\"hidden\" value=\"A09HtiLWTHfIVXOhFYoEFd1Rn\/3u5MaoitQ9bFhbRGdY2XgYDy86ur1WV4LjMvDN\" \/><\/div>\n<\/fieldset>\n<\/div>\n\n<\/form>\n<\/div>\n<\/div>\n<\/div>\n<\/div>\n","protected":false},"excerpt":{"rendered":"<p>Vi m\u00e4ts p\u00e5 v\u00e5r tr\u00e4ffs\u00e4kerhet. Och det \u00e4r vi bekv\u00e4ma med. Rekrytering och interim handlar i slutet av dagen om tr\u00e4ffs\u00e4kerhet. Att matcha r\u00e4tt m\u00e4nniska, vid r\u00e4tt tidpunkt med r\u00e4tt f\u00f6retag. Det \u00e4r tr\u00e4ffs\u00e4kerhet f\u00f6r oss. Hur uppn\u00e5s tr\u00e4ffs\u00e4kerhet? F\u00f6r oss handlar det om att l\u00e4ra k\u00e4nna m\u00e4nniskan bakom ett CV eller en arbetstitel. Du [&hellip;]<\/p>\n","protected":false},"author":1,"featured_media":0,"parent":0,"menu_order":0,"comment_status":"closed","ping_status":"closed","template":"","meta":{"_monsterinsights_skip_tracking":false,"_monsterinsights_sitenote_active":false,"_monsterinsights_sitenote_note":"","_monsterinsights_sitenote_category":0,"footnotes":""},"class_list":["post-17","page","type-page","status-publish","hentry"],"aioseo_notices":[],"_links":{"self":[{"href":"https:\/\/fand.se\/en\/wp-json\/wp\/v2\/pages\/17","targetHints":{"allow":["GET"]}}],"collection":[{"href":"https:\/\/fand.se\/en\/wp-json\/wp\/v2\/pages"}],"about":[{"href":"https:\/\/fand.se\/en\/wp-json\/wp\/v2\/types\/page"}],"author":[{"embeddable":true,"href":"https:\/\/fand.se\/en\/wp-json\/wp\/v2\/users\/1"}],"replies":[{"embeddable":true,"href":"https:\/\/fand.se\/en\/wp-json\/wp\/v2\/comments?post=17"}],"version-history":[{"count":77,"href":"https:\/\/fand.se\/en\/wp-json\/wp\/v2\/pages\/17\/revisions"}],"predecessor-version":[{"id":2115,"href":"https:\/\/fand.se\/en\/wp-json\/wp\/v2\/pages\/17\/revisions\/2115"}],"wp:attachment":[{"href":"https:\/\/fand.se\/en\/wp-json\/wp\/v2\/media?parent=17"}],"curies":[{"name":"wp","href":"https:\/\/api.w.org\/{rel}","templated":true}]}}